{"id":22385,"date":"2023-10-14T09:09:04","date_gmt":"2023-10-14T07:09:04","guid":{"rendered":"http:\/\/audiohypnosis.online\/product\/claustrophobie\/"},"modified":"2023-10-14T09:09:04","modified_gmt":"2023-10-14T07:09:04","slug":"claustrophobie","status":"publish","type":"product","link":"https:\/\/audiohypnosis.online\/fr\/produit\/claustrophobie\/","title":{"rendered":"Claustrophobie"},"content":{"rendered":"<p>Vous avez peur des espaces restreints ? Nos s\u00e9ances d&#8217;hypnose audio sont con\u00e7ues pour vous aider \u00e0 vaincre la claustrophobie. Apaisez vos craintes et reprenez le contr\u00f4le de votre vie gr\u00e2ce \u00e0 notre offre qui comprend 6 fichiers audio MP3 diff\u00e9rents et un manuel de bonnes pratiques.<\/p>\n","protected":false},"excerpt":{"rendered":"<p>Vous avez peur des espaces ferm\u00e9s ?<\/p>\n","protected":false},"featured_media":14008,"comment_status":"closed","ping_status":"closed","template":"","meta":[],"language":[1632,2093,1668,1569],"product_cat":[1476],"product_tag":[1601,1634,1973,1602,1603],"class_list":{"0":"post-22385","1":"product","2":"type-product","3":"status-publish","4":"has-post-thumbnail","6":"language-de-fr-2","7":"language-en-fr","8":"language-fr-fr","9":"language-nl-fr","10":"product_cat-peurs-et-phobies","11":"product_tag-anxiete","12":"product_tag-bien-etre","13":"product_tag-claustrophobie","14":"product_tag-peur","15":"product_tag-phobie","16":"pa_languages-allemand","17":"pa_languages-anglais","18":"pa_languages-francais","19":"pa_languages-hongrois","20":"pa_languages-neerlandais","21":"pa_languages-polonais","22":"pa_languages-serbe","23":"pa_languages-ukrainien","25":"entry","26":"has-media","28":"first","29":"instock","30":"purchasable","31":"product-type-variable","32":"has-product-nav","33":"col","34":"span_1_of_4","35":"owp-content-center","36":"owp-thumbs-layout-horizontal","37":"owp-btn-big","38":"owp-tabs-layout-vertical","39":"has-no-thumbnails"},"acf":[],"aioseo_notices":[],"_links":{"self":[{"href":"https:\/\/audiohypnosis.online\/fr\/wp-json\/wp\/v2\/product\/22385","targetHints":{"allow":["GET"]}}],"collection":[{"href":"https:\/\/audiohypnosis.online\/fr\/wp-json\/wp\/v2\/product"}],"about":[{"href":"https:\/\/audiohypnosis.online\/fr\/wp-json\/wp\/v2\/types\/product"}],"replies":[{"embeddable":true,"href":"https:\/\/audiohypnosis.online\/fr\/wp-json\/wp\/v2\/comments?post=22385"}],"version-history":[{"count":0,"href":"https:\/\/audiohypnosis.online\/fr\/wp-json\/wp\/v2\/product\/22385\/revisions"}],"wp:featuredmedia":[{"embeddable":true,"href":"https:\/\/audiohypnosis.online\/fr\/wp-json\/wp\/v2\/media\/14008"}],"wp:attachment":[{"href":"https:\/\/audiohypnosis.online\/fr\/wp-json\/wp\/v2\/media?parent=22385"}],"wp:term":[{"taxonomy":"language","embeddable":true,"href":"https:\/\/audiohypnosis.online\/fr\/wp-json\/wp\/v2\/language?post=22385"},{"taxonomy":"product_cat","embeddable":true,"href":"https:\/\/audiohypnosis.online\/fr\/wp-json\/wp\/v2\/product_cat?post=22385"},{"taxonomy":"product_tag","embeddable":true,"href":"https:\/\/audiohypnosis.online\/fr\/wp-json\/wp\/v2\/product_tag?post=22385"}],"curies":[{"name":"wp","href":"https:\/\/api.w.org\/{rel}","templated":true}]}}