{"id":22369,"date":"2023-10-14T09:09:04","date_gmt":"2023-10-14T07:09:04","guid":{"rendered":"http:\/\/audiohypnosis.online\/product\/plein-de-confiance-en-soi\/"},"modified":"2023-10-14T09:09:04","modified_gmt":"2023-10-14T07:09:04","slug":"pleine-de-confiance-en-soi","status":"publish","type":"product","link":"https:\/\/audiohypnosis.online\/fr\/produit\/pleine-de-confiance-en-soi\/","title":{"rendered":"Plein de confiance en soi"},"content":{"rendered":"<p>Vous souhaitez renforcer votre confiance en vous ? Nos s\u00e9ances d&#8217;hypnose audio vous offrent un chemin vers une plus grande confiance en vous. Acc\u00e9dez \u00e0 6 fichiers audio t\u00e9l\u00e9chargeables et \u00e0 un manuel pour vous guider dans ce voyage de transformation.<\/p>\n","protected":false},"excerpt":{"rendered":"<p>Vous cherchez \u00e0 d\u00e9velopper votre confiance en vous ?<\/p>\n","protected":false},"featured_media":14248,"comment_status":"closed","ping_status":"closed","template":"","meta":[],"language":[1632,2100,1668,1569],"product_cat":[1481],"product_tag":[],"class_list":{"0":"post-22369","1":"product","2":"type-product","3":"status-publish","4":"has-post-thumbnail","6":"language-de-fr-2","7":"language-es-fr","8":"language-fr-fr","9":"language-nl-fr","10":"product_cat-auto-amelioration","11":"pa_languages-allemand","12":"pa_languages-espagnol","13":"pa_languages-francais","14":"pa_languages-neerlandais","15":"pa_languages-ukrainien","17":"entry","18":"has-media","20":"first","21":"instock","22":"purchasable","23":"product-type-variable","24":"has-product-nav","25":"col","26":"span_1_of_4","27":"owp-content-center","28":"owp-thumbs-layout-horizontal","29":"owp-btn-big","30":"owp-tabs-layout-vertical","31":"has-no-thumbnails"},"acf":[],"aioseo_notices":[],"_links":{"self":[{"href":"https:\/\/audiohypnosis.online\/fr\/wp-json\/wp\/v2\/product\/22369","targetHints":{"allow":["GET"]}}],"collection":[{"href":"https:\/\/audiohypnosis.online\/fr\/wp-json\/wp\/v2\/product"}],"about":[{"href":"https:\/\/audiohypnosis.online\/fr\/wp-json\/wp\/v2\/types\/product"}],"replies":[{"embeddable":true,"href":"https:\/\/audiohypnosis.online\/fr\/wp-json\/wp\/v2\/comments?post=22369"}],"version-history":[{"count":0,"href":"https:\/\/audiohypnosis.online\/fr\/wp-json\/wp\/v2\/product\/22369\/revisions"}],"wp:featuredmedia":[{"embeddable":true,"href":"https:\/\/audiohypnosis.online\/fr\/wp-json\/wp\/v2\/media\/14248"}],"wp:attachment":[{"href":"https:\/\/audiohypnosis.online\/fr\/wp-json\/wp\/v2\/media?parent=22369"}],"wp:term":[{"taxonomy":"language","embeddable":true,"href":"https:\/\/audiohypnosis.online\/fr\/wp-json\/wp\/v2\/language?post=22369"},{"taxonomy":"product_cat","embeddable":true,"href":"https:\/\/audiohypnosis.online\/fr\/wp-json\/wp\/v2\/product_cat?post=22369"},{"taxonomy":"product_tag","embeddable":true,"href":"https:\/\/audiohypnosis.online\/fr\/wp-json\/wp\/v2\/product_tag?post=22369"}],"curies":[{"name":"wp","href":"https:\/\/api.w.org\/{rel}","templated":true}]}}