{"id":22337,"date":"2023-10-14T09:09:04","date_gmt":"2023-10-14T07:09:04","guid":{"rendered":"http:\/\/audiohypnosis.online\/product\/rougir\/"},"modified":"2024-02-26T09:45:08","modified_gmt":"2024-02-26T08:45:08","slug":"rougir","status":"publish","type":"product","link":"https:\/\/audiohypnosis.online\/fr\/produit\/rougir\/","title":{"rendered":"Rougir"},"content":{"rendered":"<p>Vous \u00eates aux prises avec un rougissement excessif ? Nos MP3 d&#8217;hypnose audio peuvent vous aider \u00e0 reprendre le contr\u00f4le de cette r\u00e9action involontaire. Vous aurez acc\u00e8s \u00e0 6 fichiers audio t\u00e9l\u00e9chargeables et \u00e0 un manuel pour vous aider \u00e0 obtenir les meilleurs r\u00e9sultats.<\/p>\n","protected":false},"excerpt":{"rendered":"<p>Vous \u00eates aux prises avec un rougissement excessif ?<\/p>\n","protected":false},"featured_media":14014,"comment_status":"closed","ping_status":"closed","template":"","meta":[],"language":[1632,1569],"product_cat":[1477],"product_tag":[1601,1783,2204,3493,1784],"class_list":{"0":"post-22337","1":"product","2":"type-product","3":"status-publish","4":"has-post-thumbnail","6":"language-de-fr-2","7":"language-nl-fr","8":"product_cat-sante-et-bien-etre","9":"product_tag-anxiete","10":"product_tag-bien-etre-emotionnel","11":"product_tag-controler-le","12":"product_tag-gesundheit-fr","13":"product_tag-prendre-soin-de-soi","14":"pa_languages-allemand","15":"pa_languages-neerlandais","16":"pa_languages-ukrainien","18":"entry","19":"has-media","21":"first","22":"instock","23":"purchasable","24":"product-type-variable","25":"has-product-nav","26":"col","27":"span_1_of_4","28":"owp-content-center","29":"owp-thumbs-layout-horizontal","30":"owp-btn-big","31":"owp-tabs-layout-vertical","32":"has-no-thumbnails"},"acf":[],"aioseo_notices":[],"_links":{"self":[{"href":"https:\/\/audiohypnosis.online\/fr\/wp-json\/wp\/v2\/product\/22337","targetHints":{"allow":["GET"]}}],"collection":[{"href":"https:\/\/audiohypnosis.online\/fr\/wp-json\/wp\/v2\/product"}],"about":[{"href":"https:\/\/audiohypnosis.online\/fr\/wp-json\/wp\/v2\/types\/product"}],"replies":[{"embeddable":true,"href":"https:\/\/audiohypnosis.online\/fr\/wp-json\/wp\/v2\/comments?post=22337"}],"version-history":[{"count":0,"href":"https:\/\/audiohypnosis.online\/fr\/wp-json\/wp\/v2\/product\/22337\/revisions"}],"wp:featuredmedia":[{"embeddable":true,"href":"https:\/\/audiohypnosis.online\/fr\/wp-json\/wp\/v2\/media\/14014"}],"wp:attachment":[{"href":"https:\/\/audiohypnosis.online\/fr\/wp-json\/wp\/v2\/media?parent=22337"}],"wp:term":[{"taxonomy":"language","embeddable":true,"href":"https:\/\/audiohypnosis.online\/fr\/wp-json\/wp\/v2\/language?post=22337"},{"taxonomy":"product_cat","embeddable":true,"href":"https:\/\/audiohypnosis.online\/fr\/wp-json\/wp\/v2\/product_cat?post=22337"},{"taxonomy":"product_tag","embeddable":true,"href":"https:\/\/audiohypnosis.online\/fr\/wp-json\/wp\/v2\/product_tag?post=22337"}],"curies":[{"name":"wp","href":"https:\/\/api.w.org\/{rel}","templated":true}]}}