{"id":22305,"date":"2023-10-14T09:09:04","date_gmt":"2023-10-14T07:09:04","guid":{"rendered":"http:\/\/audiohypnosis.online\/product\/peur-de-lengagement\/"},"modified":"2023-10-14T09:09:04","modified_gmt":"2023-10-14T07:09:04","slug":"peur-de-lengagement","status":"publish","type":"product","link":"https:\/\/audiohypnosis.online\/fr\/produit\/peur-de-lengagement\/","title":{"rendered":"Peur de l&#8217;engagement"},"content":{"rendered":"<p>Vous avez peur de vous engager dans une relation ? Nos s\u00e9ances d&#8217;hypnose audio sont con\u00e7ues pour vous aider \u00e0 surmonter cette peur et \u00e0 embrasser l&#8217;amour. L&#8217;ensemble comprend 6 MP3 audio diff\u00e9rents et un manuel pour des r\u00e9sultats efficaces.<\/p>\n","protected":false},"excerpt":{"rendered":"<p>Peur de l&#8217;engagement dans les relations ?<\/p>\n","protected":false},"featured_media":14002,"comment_status":"closed","ping_status":"closed","template":"","meta":[],"language":[1632,2093,2100,1668,3062,1569],"product_cat":[1480],"product_tag":[2033,1601,1978,2005,1602],"class_list":{"0":"post-22305","1":"product","2":"type-product","3":"status-publish","4":"has-post-thumbnail","6":"language-de-fr-2","7":"language-en-fr","8":"language-es-fr","9":"language-fr-fr","10":"language-it-fr","11":"language-nl-fr","12":"product_cat-relations","13":"product_tag-amour","14":"product_tag-anxiete","15":"product_tag-engagement","16":"product_tag-les-relations","17":"product_tag-peur","18":"pa_languages-allemand","19":"pa_languages-francais","20":"pa_languages-neerlandais","22":"entry","23":"has-media","25":"first","26":"instock","27":"purchasable","28":"product-type-variable","29":"has-product-nav","30":"col","31":"span_1_of_4","32":"owp-content-center","33":"owp-thumbs-layout-horizontal","34":"owp-btn-big","35":"owp-tabs-layout-vertical","36":"has-no-thumbnails"},"acf":[],"aioseo_notices":[],"_links":{"self":[{"href":"https:\/\/audiohypnosis.online\/fr\/wp-json\/wp\/v2\/product\/22305","targetHints":{"allow":["GET"]}}],"collection":[{"href":"https:\/\/audiohypnosis.online\/fr\/wp-json\/wp\/v2\/product"}],"about":[{"href":"https:\/\/audiohypnosis.online\/fr\/wp-json\/wp\/v2\/types\/product"}],"replies":[{"embeddable":true,"href":"https:\/\/audiohypnosis.online\/fr\/wp-json\/wp\/v2\/comments?post=22305"}],"version-history":[{"count":0,"href":"https:\/\/audiohypnosis.online\/fr\/wp-json\/wp\/v2\/product\/22305\/revisions"}],"wp:featuredmedia":[{"embeddable":true,"href":"https:\/\/audiohypnosis.online\/fr\/wp-json\/wp\/v2\/media\/14002"}],"wp:attachment":[{"href":"https:\/\/audiohypnosis.online\/fr\/wp-json\/wp\/v2\/media?parent=22305"}],"wp:term":[{"taxonomy":"language","embeddable":true,"href":"https:\/\/audiohypnosis.online\/fr\/wp-json\/wp\/v2\/language?post=22305"},{"taxonomy":"product_cat","embeddable":true,"href":"https:\/\/audiohypnosis.online\/fr\/wp-json\/wp\/v2\/product_cat?post=22305"},{"taxonomy":"product_tag","embeddable":true,"href":"https:\/\/audiohypnosis.online\/fr\/wp-json\/wp\/v2\/product_tag?post=22305"}],"curies":[{"name":"wp","href":"https:\/\/api.w.org\/{rel}","templated":true}]}}