{"id":22273,"date":"2023-10-14T09:09:04","date_gmt":"2023-10-14T07:09:04","guid":{"rendered":"http:\/\/audiohypnosis.online\/product\/mieux-jouer-au-tennis\/"},"modified":"2023-10-14T09:09:04","modified_gmt":"2023-10-14T07:09:04","slug":"meilleur-tennis","status":"publish","type":"product","link":"https:\/\/audiohypnosis.online\/fr\/produit\/meilleur-tennis\/","title":{"rendered":"Mieux jouer au tennis"},"content":{"rendered":"<p>Vous souhaitez am\u00e9liorer vos comp\u00e9tences au tennis ? Nos MP3 d&#8217;hypnose audio peuvent vous aider \u00e0 donner le meilleur de vous-m\u00eame, \u00e0 la fois mentalement et physiquement. Acc\u00e9dez \u00e0 6 fichiers audio t\u00e9l\u00e9chargeables et \u00e0 un manuel complet.<\/p>\n","protected":false},"excerpt":{"rendered":"<p>Vous voulez exceller au tennis ?<\/p>\n","protected":false},"featured_media":13996,"comment_status":"closed","ping_status":"closed","template":"","meta":[],"language":[1632,2093,2100,1668,3062,1569],"product_cat":[1485],"product_tag":[2139,1573,1570,1571,2200],"class_list":{"0":"post-22273","1":"product","2":"type-product","3":"status-publish","4":"has-post-thumbnail","6":"language-de-fr-2","7":"language-en-fr","8":"language-es-fr","9":"language-fr-fr","10":"language-it-fr","11":"language-nl-fr","12":"product_cat-sports-et-jeux","13":"product_tag-amelioration","14":"product_tag-habilete","15":"product_tag-loisirs","16":"product_tag-sports-fr","17":"product_tag-tennis-fr","18":"pa_languages-allemand","19":"pa_languages-neerlandais","21":"entry","22":"has-media","24":"first","25":"instock","26":"purchasable","27":"product-type-variable","28":"has-product-nav","29":"col","30":"span_1_of_4","31":"owp-content-center","32":"owp-thumbs-layout-horizontal","33":"owp-btn-big","34":"owp-tabs-layout-vertical","35":"has-no-thumbnails"},"acf":[],"aioseo_notices":[],"_links":{"self":[{"href":"https:\/\/audiohypnosis.online\/fr\/wp-json\/wp\/v2\/product\/22273","targetHints":{"allow":["GET"]}}],"collection":[{"href":"https:\/\/audiohypnosis.online\/fr\/wp-json\/wp\/v2\/product"}],"about":[{"href":"https:\/\/audiohypnosis.online\/fr\/wp-json\/wp\/v2\/types\/product"}],"replies":[{"embeddable":true,"href":"https:\/\/audiohypnosis.online\/fr\/wp-json\/wp\/v2\/comments?post=22273"}],"version-history":[{"count":0,"href":"https:\/\/audiohypnosis.online\/fr\/wp-json\/wp\/v2\/product\/22273\/revisions"}],"wp:featuredmedia":[{"embeddable":true,"href":"https:\/\/audiohypnosis.online\/fr\/wp-json\/wp\/v2\/media\/13996"}],"wp:attachment":[{"href":"https:\/\/audiohypnosis.online\/fr\/wp-json\/wp\/v2\/media?parent=22273"}],"wp:term":[{"taxonomy":"language","embeddable":true,"href":"https:\/\/audiohypnosis.online\/fr\/wp-json\/wp\/v2\/language?post=22273"},{"taxonomy":"product_cat","embeddable":true,"href":"https:\/\/audiohypnosis.online\/fr\/wp-json\/wp\/v2\/product_cat?post=22273"},{"taxonomy":"product_tag","embeddable":true,"href":"https:\/\/audiohypnosis.online\/fr\/wp-json\/wp\/v2\/product_tag?post=22273"}],"curies":[{"name":"wp","href":"https:\/\/api.w.org\/{rel}","templated":true}]}}