{"id":22241,"date":"2023-10-14T09:09:04","date_gmt":"2023-10-14T07:09:04","guid":{"rendered":"http:\/\/audiohypnosis.online\/product\/mieux-etudier\/"},"modified":"2023-10-14T09:09:04","modified_gmt":"2023-10-14T07:09:04","slug":"mieux-etudier","status":"publish","type":"product","link":"https:\/\/audiohypnosis.online\/fr\/produit\/mieux-etudier\/","title":{"rendered":"Mieux \u00e9tudier"},"content":{"rendered":"<p>Vous avez besoin d&#8217;am\u00e9liorer votre fa\u00e7on d&#8217;\u00e9tudier ? Nos MP3 d&#8217;hypnose sont con\u00e7us pour vous aider \u00e0 vous concentrer et \u00e0 retenir les informations de mani\u00e8re efficace. L&#8217;ensemble comprend 6 fichiers audio diff\u00e9rents et un manuel pour maximiser l&#8217;efficacit\u00e9.<\/p>\n","protected":false},"excerpt":{"rendered":"<p>Vous avez besoin d&#8217;am\u00e9liorer vos habitudes d&#8217;\u00e9tude ?<\/p>\n","protected":false},"featured_media":13990,"comment_status":"closed","ping_status":"closed","template":"","meta":[],"language":[1632,2093,2100,1668,3062,1569],"product_cat":[1481],"product_tag":[1731,2177,2196,1854,1841],"class_list":{"0":"post-22241","1":"product","2":"type-product","3":"status-publish","4":"has-post-thumbnail","6":"language-de-fr-2","7":"language-en-fr","8":"language-es-fr","9":"language-fr-fr","10":"language-it-fr","11":"language-nl-fr","12":"product_cat-auto-amelioration","13":"product_tag-amelioration-de-soi","14":"product_tag-apprendre","15":"product_tag-etudier","16":"product_tag-productivite","17":"product_tag-se-concentrer","18":"pa_languages-allemand","19":"pa_languages-francais","20":"pa_languages-neerlandais","22":"entry","23":"has-media","25":"first","26":"instock","27":"purchasable","28":"product-type-variable","29":"has-product-nav","30":"col","31":"span_1_of_4","32":"owp-content-center","33":"owp-thumbs-layout-horizontal","34":"owp-btn-big","35":"owp-tabs-layout-vertical","36":"has-no-thumbnails"},"acf":[],"aioseo_notices":[],"_links":{"self":[{"href":"https:\/\/audiohypnosis.online\/fr\/wp-json\/wp\/v2\/product\/22241","targetHints":{"allow":["GET"]}}],"collection":[{"href":"https:\/\/audiohypnosis.online\/fr\/wp-json\/wp\/v2\/product"}],"about":[{"href":"https:\/\/audiohypnosis.online\/fr\/wp-json\/wp\/v2\/types\/product"}],"replies":[{"embeddable":true,"href":"https:\/\/audiohypnosis.online\/fr\/wp-json\/wp\/v2\/comments?post=22241"}],"version-history":[{"count":0,"href":"https:\/\/audiohypnosis.online\/fr\/wp-json\/wp\/v2\/product\/22241\/revisions"}],"wp:featuredmedia":[{"embeddable":true,"href":"https:\/\/audiohypnosis.online\/fr\/wp-json\/wp\/v2\/media\/13990"}],"wp:attachment":[{"href":"https:\/\/audiohypnosis.online\/fr\/wp-json\/wp\/v2\/media?parent=22241"}],"wp:term":[{"taxonomy":"language","embeddable":true,"href":"https:\/\/audiohypnosis.online\/fr\/wp-json\/wp\/v2\/language?post=22241"},{"taxonomy":"product_cat","embeddable":true,"href":"https:\/\/audiohypnosis.online\/fr\/wp-json\/wp\/v2\/product_cat?post=22241"},{"taxonomy":"product_tag","embeddable":true,"href":"https:\/\/audiohypnosis.online\/fr\/wp-json\/wp\/v2\/product_tag?post=22241"}],"curies":[{"name":"wp","href":"https:\/\/api.w.org\/{rel}","templated":true}]}}