{"id":22209,"date":"2023-10-14T09:09:04","date_gmt":"2023-10-14T07:09:04","guid":{"rendered":"http:\/\/audiohypnosis.online\/product\/un-meilleur-sommeil\/"},"modified":"2023-10-14T09:09:04","modified_gmt":"2023-10-14T07:09:04","slug":"meilleur-sommeil","status":"publish","type":"product","link":"https:\/\/audiohypnosis.online\/fr\/produit\/meilleur-sommeil\/","title":{"rendered":"Un meilleur sommeil"},"content":{"rendered":"<p>Des nuits sans sommeil ? Nos MP3 d&#8217;hypnose audio ont pour but de vous aider \u00e0 trouver un sommeil profond et r\u00e9parateur. Vous aurez acc\u00e8s \u00e0 6 fichiers audio t\u00e9l\u00e9chargeables et \u00e0 un manuel pour vous guider vers de meilleures habitudes de sommeil.<\/p>\n","protected":false},"excerpt":{"rendered":"<p>Des nuits sans sommeil ?<\/p>\n","protected":false},"featured_media":13984,"comment_status":"closed","ping_status":"closed","template":"","meta":[],"language":[1632,1668,3062,1569],"product_cat":[1483],"product_tag":[2139,1634,3493,1701,2192],"class_list":{"0":"post-22209","1":"product","2":"type-product","3":"status-publish","4":"has-post-thumbnail","6":"language-de-fr-2","7":"language-fr-fr","8":"language-it-fr","9":"language-nl-fr","10":"product_cat-sommeil","11":"product_tag-amelioration","12":"product_tag-bien-etre","13":"product_tag-gesundheit-fr","14":"product_tag-le-sommeil-fr","15":"product_tag-relaxation-fr","16":"pa_languages-allemand","17":"pa_languages-francais","18":"pa_languages-italien","19":"pa_languages-neerlandais","20":"pa_languages-portugais-bresil","21":"pa_languages-serbe","23":"entry","24":"has-media","26":"first","27":"instock","28":"purchasable","29":"product-type-variable","30":"has-product-nav","31":"col","32":"span_1_of_4","33":"owp-content-center","34":"owp-thumbs-layout-horizontal","35":"owp-btn-big","36":"owp-tabs-layout-vertical","37":"has-no-thumbnails"},"acf":[],"aioseo_notices":[],"_links":{"self":[{"href":"https:\/\/audiohypnosis.online\/fr\/wp-json\/wp\/v2\/product\/22209","targetHints":{"allow":["GET"]}}],"collection":[{"href":"https:\/\/audiohypnosis.online\/fr\/wp-json\/wp\/v2\/product"}],"about":[{"href":"https:\/\/audiohypnosis.online\/fr\/wp-json\/wp\/v2\/types\/product"}],"replies":[{"embeddable":true,"href":"https:\/\/audiohypnosis.online\/fr\/wp-json\/wp\/v2\/comments?post=22209"}],"version-history":[{"count":0,"href":"https:\/\/audiohypnosis.online\/fr\/wp-json\/wp\/v2\/product\/22209\/revisions"}],"wp:featuredmedia":[{"embeddable":true,"href":"https:\/\/audiohypnosis.online\/fr\/wp-json\/wp\/v2\/media\/13984"}],"wp:attachment":[{"href":"https:\/\/audiohypnosis.online\/fr\/wp-json\/wp\/v2\/media?parent=22209"}],"wp:term":[{"taxonomy":"language","embeddable":true,"href":"https:\/\/audiohypnosis.online\/fr\/wp-json\/wp\/v2\/language?post=22209"},{"taxonomy":"product_cat","embeddable":true,"href":"https:\/\/audiohypnosis.online\/fr\/wp-json\/wp\/v2\/product_cat?post=22209"},{"taxonomy":"product_tag","embeddable":true,"href":"https:\/\/audiohypnosis.online\/fr\/wp-json\/wp\/v2\/product_tag?post=22209"}],"curies":[{"name":"wp","href":"https:\/\/api.w.org\/{rel}","templated":true}]}}