{"id":22145,"date":"2023-10-14T09:09:04","date_gmt":"2023-10-14T07:09:04","guid":{"rendered":"http:\/\/audiohypnosis.online\/product\/mieux-jouer-au-padel\/"},"modified":"2023-10-14T09:09:04","modified_gmt":"2023-10-14T07:09:04","slug":"better-padel","status":"publish","type":"product","link":"https:\/\/audiohypnosis.online\/fr\/produit\/better-padel\/","title":{"rendered":"Mieux jouer au padel"},"content":{"rendered":"<p>Vous souhaitez ma\u00eetriser le padel ? Nos MP3 d&#8217;hypnose audio vous guident vers l&#8217;am\u00e9lioration de vos comp\u00e9tences en padel pour obtenir un avantage comp\u00e9titif. L&#8217;ensemble comprend 6 fichiers audio t\u00e9l\u00e9chargeables et un manuel des meilleures pratiques.<\/p>\n","protected":false},"excerpt":{"rendered":"<p>Envie d&#8217;am\u00e9liorer votre jeu de padel ?<\/p>\n","protected":false},"featured_media":13972,"comment_status":"closed","ping_status":"closed","template":"","meta":[],"language":[1569],"product_cat":[1485],"product_tag":[2139,1573,1570,2184,1571],"class_list":{"0":"post-22145","1":"product","2":"type-product","3":"status-publish","4":"has-post-thumbnail","6":"language-nl-fr","7":"product_cat-sports-et-jeux","8":"product_tag-amelioration","9":"product_tag-habilete","10":"product_tag-loisirs","11":"product_tag-padel-fr","12":"product_tag-sports-fr","13":"pa_languages-neerlandais","14":"pa_languages-serbe","16":"entry","17":"has-media","19":"first","20":"instock","21":"purchasable","22":"product-type-variable","23":"has-product-nav","24":"col","25":"span_1_of_4","26":"owp-content-center","27":"owp-thumbs-layout-horizontal","28":"owp-btn-big","29":"owp-tabs-layout-vertical","30":"has-no-thumbnails"},"acf":[],"aioseo_notices":[],"_links":{"self":[{"href":"https:\/\/audiohypnosis.online\/fr\/wp-json\/wp\/v2\/product\/22145","targetHints":{"allow":["GET"]}}],"collection":[{"href":"https:\/\/audiohypnosis.online\/fr\/wp-json\/wp\/v2\/product"}],"about":[{"href":"https:\/\/audiohypnosis.online\/fr\/wp-json\/wp\/v2\/types\/product"}],"replies":[{"embeddable":true,"href":"https:\/\/audiohypnosis.online\/fr\/wp-json\/wp\/v2\/comments?post=22145"}],"version-history":[{"count":0,"href":"https:\/\/audiohypnosis.online\/fr\/wp-json\/wp\/v2\/product\/22145\/revisions"}],"wp:featuredmedia":[{"embeddable":true,"href":"https:\/\/audiohypnosis.online\/fr\/wp-json\/wp\/v2\/media\/13972"}],"wp:attachment":[{"href":"https:\/\/audiohypnosis.online\/fr\/wp-json\/wp\/v2\/media?parent=22145"}],"wp:term":[{"taxonomy":"language","embeddable":true,"href":"https:\/\/audiohypnosis.online\/fr\/wp-json\/wp\/v2\/language?post=22145"},{"taxonomy":"product_cat","embeddable":true,"href":"https:\/\/audiohypnosis.online\/fr\/wp-json\/wp\/v2\/product_cat?post=22145"},{"taxonomy":"product_tag","embeddable":true,"href":"https:\/\/audiohypnosis.online\/fr\/wp-json\/wp\/v2\/product_tag?post=22145"}],"curies":[{"name":"wp","href":"https:\/\/api.w.org\/{rel}","templated":true}]}}