{"id":22112,"date":"2023-10-14T09:09:04","date_gmt":"2023-10-14T07:09:04","guid":{"rendered":"http:\/\/audiohypnosis.online\/product\/une-meilleure-memoire\/"},"modified":"2023-10-14T09:09:04","modified_gmt":"2023-10-14T07:09:04","slug":"meilleure-memoire","status":"publish","type":"product","link":"https:\/\/audiohypnosis.online\/fr\/produit\/meilleure-memoire\/","title":{"rendered":"Une meilleure m\u00e9moire"},"content":{"rendered":"<p>Vous voulez am\u00e9liorer votre m\u00e9moire ? Nos s\u00e9ances d&#8217;hypnose audio sont con\u00e7ues pour vous aider \u00e0 am\u00e9liorer la r\u00e9tention de la m\u00e9moire et la concentration. Acc\u00e9dez \u00e0 6 fichiers audio t\u00e9l\u00e9chargeables et \u00e0 un manuel utile pour une transformation compl\u00e8te.<\/p>\n","protected":false},"excerpt":{"rendered":"<p>Vous voulez am\u00e9liorer votre m\u00e9moire ?<\/p>\n","protected":false},"featured_media":14146,"comment_status":"closed","ping_status":"closed","template":"","meta":[],"language":[1632,2093,2100,1668,3062,1569],"product_cat":[1481],"product_tag":[1731,2177,1634,2176,1841],"class_list":{"0":"post-22112","1":"product","2":"type-product","3":"status-publish","4":"has-post-thumbnail","6":"language-de-fr-2","7":"language-en-fr","8":"language-es-fr","9":"language-fr-fr","10":"language-it-fr","11":"language-nl-fr","12":"product_cat-auto-amelioration","13":"product_tag-amelioration-de-soi","14":"product_tag-apprendre","15":"product_tag-bien-etre","16":"product_tag-memoire","17":"product_tag-se-concentrer","18":"pa_languages-allemand","19":"pa_languages-anglais","20":"pa_languages-espagnol","21":"pa_languages-francais","22":"pa_languages-hongrois","23":"pa_languages-italien","24":"pa_languages-neerlandais","25":"pa_languages-polonais","26":"pa_languages-portugais-bresil","27":"pa_languages-serbe","28":"pa_languages-ukrainien","30":"entry","31":"has-media","33":"first","34":"instock","35":"purchasable","36":"product-type-variable","37":"has-product-nav","38":"col","39":"span_1_of_4","40":"owp-content-center","41":"owp-thumbs-layout-horizontal","42":"owp-btn-big","43":"owp-tabs-layout-vertical","44":"has-no-thumbnails"},"acf":[],"aioseo_notices":[],"_links":{"self":[{"href":"https:\/\/audiohypnosis.online\/fr\/wp-json\/wp\/v2\/product\/22112","targetHints":{"allow":["GET"]}}],"collection":[{"href":"https:\/\/audiohypnosis.online\/fr\/wp-json\/wp\/v2\/product"}],"about":[{"href":"https:\/\/audiohypnosis.online\/fr\/wp-json\/wp\/v2\/types\/product"}],"replies":[{"embeddable":true,"href":"https:\/\/audiohypnosis.online\/fr\/wp-json\/wp\/v2\/comments?post=22112"}],"version-history":[{"count":0,"href":"https:\/\/audiohypnosis.online\/fr\/wp-json\/wp\/v2\/product\/22112\/revisions"}],"wp:featuredmedia":[{"embeddable":true,"href":"https:\/\/audiohypnosis.online\/fr\/wp-json\/wp\/v2\/media\/14146"}],"wp:attachment":[{"href":"https:\/\/audiohypnosis.online\/fr\/wp-json\/wp\/v2\/media?parent=22112"}],"wp:term":[{"taxonomy":"language","embeddable":true,"href":"https:\/\/audiohypnosis.online\/fr\/wp-json\/wp\/v2\/language?post=22112"},{"taxonomy":"product_cat","embeddable":true,"href":"https:\/\/audiohypnosis.online\/fr\/wp-json\/wp\/v2\/product_cat?post=22112"},{"taxonomy":"product_tag","embeddable":true,"href":"https:\/\/audiohypnosis.online\/fr\/wp-json\/wp\/v2\/product_tag?post=22112"}],"curies":[{"name":"wp","href":"https:\/\/api.w.org\/{rel}","templated":true}]}}