{"id":22080,"date":"2023-10-14T09:09:04","date_gmt":"2023-10-14T07:09:04","guid":{"rendered":"http:\/\/audiohypnosis.online\/product\/mieux-jouer-au-golf\/"},"modified":"2023-10-14T09:09:04","modified_gmt":"2023-10-14T07:09:04","slug":"meilleur-golfing","status":"publish","type":"product","link":"https:\/\/audiohypnosis.online\/fr\/produit\/meilleur-golfing\/","title":{"rendered":"Mieux jouer au golf"},"content":{"rendered":"<p>Vous cherchez \u00e0 am\u00e9liorer votre jeu de golf ? Nos MP3 d&#8217;hypnose audio peuvent vous aider \u00e0 am\u00e9liorer votre concentration, vos comp\u00e9tences et vos performances g\u00e9n\u00e9rales. Commencez d\u00e8s aujourd&#8217;hui votre voyage vers une meilleure exp\u00e9rience de golf. L&#8217;ensemble comprend 6 fichiers audio et un manuel pour de meilleurs r\u00e9sultats.<\/p>\n","protected":false},"excerpt":{"rendered":"<p>Vous cherchez \u00e0 am\u00e9liorer votre jeu de golf ?<\/p>\n","protected":false},"featured_media":14230,"comment_status":"closed","ping_status":"closed","template":"","meta":[],"language":[1632,1569],"product_cat":[1485],"product_tag":[2139,1573,1572,1570,1571],"class_list":{"0":"post-22080","1":"product","2":"type-product","3":"status-publish","4":"has-post-thumbnail","6":"language-de-fr-2","7":"language-nl-fr","8":"product_cat-sports-et-jeux","9":"product_tag-amelioration","10":"product_tag-habilete","11":"product_tag-le-golf","12":"product_tag-loisirs","13":"product_tag-sports-fr","14":"pa_languages-allemand","15":"pa_languages-neerlandais","16":"pa_languages-serbe","18":"entry","19":"has-media","21":"first","22":"instock","23":"purchasable","24":"product-type-variable","25":"has-product-nav","26":"col","27":"span_1_of_4","28":"owp-content-center","29":"owp-thumbs-layout-horizontal","30":"owp-btn-big","31":"owp-tabs-layout-vertical","32":"has-no-thumbnails"},"acf":[],"aioseo_notices":[],"_links":{"self":[{"href":"https:\/\/audiohypnosis.online\/fr\/wp-json\/wp\/v2\/product\/22080","targetHints":{"allow":["GET"]}}],"collection":[{"href":"https:\/\/audiohypnosis.online\/fr\/wp-json\/wp\/v2\/product"}],"about":[{"href":"https:\/\/audiohypnosis.online\/fr\/wp-json\/wp\/v2\/types\/product"}],"replies":[{"embeddable":true,"href":"https:\/\/audiohypnosis.online\/fr\/wp-json\/wp\/v2\/comments?post=22080"}],"version-history":[{"count":0,"href":"https:\/\/audiohypnosis.online\/fr\/wp-json\/wp\/v2\/product\/22080\/revisions"}],"wp:featuredmedia":[{"embeddable":true,"href":"https:\/\/audiohypnosis.online\/fr\/wp-json\/wp\/v2\/media\/14230"}],"wp:attachment":[{"href":"https:\/\/audiohypnosis.online\/fr\/wp-json\/wp\/v2\/media?parent=22080"}],"wp:term":[{"taxonomy":"language","embeddable":true,"href":"https:\/\/audiohypnosis.online\/fr\/wp-json\/wp\/v2\/language?post=22080"},{"taxonomy":"product_cat","embeddable":true,"href":"https:\/\/audiohypnosis.online\/fr\/wp-json\/wp\/v2\/product_cat?post=22080"},{"taxonomy":"product_tag","embeddable":true,"href":"https:\/\/audiohypnosis.online\/fr\/wp-json\/wp\/v2\/product_tag?post=22080"}],"curies":[{"name":"wp","href":"https:\/\/api.w.org\/{rel}","templated":true}]}}