{"id":21983,"date":"2023-10-14T09:09:04","date_gmt":"2023-10-14T07:09:04","guid":{"rendered":"http:\/\/audiohypnosis.online\/product\/peur-des-chiens-2\/"},"modified":"2023-10-14T09:09:04","modified_gmt":"2023-10-14T07:09:04","slug":"peur-des-chiens-2","status":"publish","type":"product","link":"https:\/\/audiohypnosis.online\/fr\/produit\/peur-des-chiens-2\/","title":{"rendered":"Peur des chiens"},"content":{"rendered":"<p>Les chiens sont une source constante d&#8217;anxi\u00e9t\u00e9 pour vous ? Nos s\u00e9ances d&#8217;hypnose audio ont pour but de vous aider \u00e0 vous sentir \u00e0 l&#8217;aise avec les chiens. Brisez le cycle de la peur et profitez d&#8217;un \u00e9tat d&#8217;esprit plus d\u00e9tendu. Notre offre comprend 6 fichiers audio t\u00e9l\u00e9chargeables et un manuel pour une efficacit\u00e9 maximale.<\/p>\n","protected":false},"excerpt":{"rendered":"<p>Anxieux en pr\u00e9sence de chiens ?<\/p>\n","protected":false},"featured_media":14260,"comment_status":"closed","ping_status":"closed","template":"","meta":[],"language":[1569],"product_cat":[1476],"product_tag":[1601,1634,2161,1602,1603],"class_list":{"0":"post-21983","1":"product","2":"type-product","3":"status-publish","4":"has-post-thumbnail","6":"language-nl-fr","7":"product_cat-peurs-et-phobies","8":"product_tag-anxiete","9":"product_tag-bien-etre","10":"product_tag-les-chiens","11":"product_tag-peur","12":"product_tag-phobie","13":"pa_languages-neerlandais","14":"pa_languages-serbe","16":"entry","17":"has-media","19":"first","20":"instock","21":"purchasable","22":"product-type-variable","23":"has-product-nav","24":"col","25":"span_1_of_4","26":"owp-content-center","27":"owp-thumbs-layout-horizontal","28":"owp-btn-big","29":"owp-tabs-layout-vertical","30":"has-no-thumbnails"},"acf":[],"aioseo_notices":[],"_links":{"self":[{"href":"https:\/\/audiohypnosis.online\/fr\/wp-json\/wp\/v2\/product\/21983","targetHints":{"allow":["GET"]}}],"collection":[{"href":"https:\/\/audiohypnosis.online\/fr\/wp-json\/wp\/v2\/product"}],"about":[{"href":"https:\/\/audiohypnosis.online\/fr\/wp-json\/wp\/v2\/types\/product"}],"replies":[{"embeddable":true,"href":"https:\/\/audiohypnosis.online\/fr\/wp-json\/wp\/v2\/comments?post=21983"}],"version-history":[{"count":0,"href":"https:\/\/audiohypnosis.online\/fr\/wp-json\/wp\/v2\/product\/21983\/revisions"}],"wp:featuredmedia":[{"embeddable":true,"href":"https:\/\/audiohypnosis.online\/fr\/wp-json\/wp\/v2\/media\/14260"}],"wp:attachment":[{"href":"https:\/\/audiohypnosis.online\/fr\/wp-json\/wp\/v2\/media?parent=21983"}],"wp:term":[{"taxonomy":"language","embeddable":true,"href":"https:\/\/audiohypnosis.online\/fr\/wp-json\/wp\/v2\/language?post=21983"},{"taxonomy":"product_cat","embeddable":true,"href":"https:\/\/audiohypnosis.online\/fr\/wp-json\/wp\/v2\/product_cat?post=21983"},{"taxonomy":"product_tag","embeddable":true,"href":"https:\/\/audiohypnosis.online\/fr\/wp-json\/wp\/v2\/product_tag?post=21983"}],"curies":[{"name":"wp","href":"https:\/\/api.w.org\/{rel}","templated":true}]}}