{"id":21951,"date":"2023-10-14T09:09:04","date_gmt":"2023-10-14T07:09:04","guid":{"rendered":"http:\/\/audiohypnosis.online\/product\/peur-de-lobscurite\/"},"modified":"2023-10-14T09:09:04","modified_gmt":"2023-10-14T07:09:04","slug":"peur-de-lobscurite","status":"publish","type":"product","link":"https:\/\/audiohypnosis.online\/fr\/produit\/peur-de-lobscurite\/","title":{"rendered":"Peur de l&#8217;obscurit\u00e9"},"content":{"rendered":"<p>Vous avez peur du noir ? Nos MP3 d&#8217;hypnose sont con\u00e7us pour vous aider \u00e0 vaincre cette peur. Sentez-vous \u00e0 l&#8217;aise et en s\u00e9curit\u00e9 dans n&#8217;importe quelle condition d&#8217;\u00e9clairage. Vous aurez acc\u00e8s \u00e0 6 fichiers audio t\u00e9l\u00e9chargeables, ainsi qu&#8217;\u00e0 un manuel qui vous aidera \u00e0 tirer le meilleur parti de votre exp\u00e9rience de l&#8217;hypnose.<\/p>\n","protected":false},"excerpt":{"rendered":"<p>Vous avez peur de l&#8217;obscurit\u00e9 ?<\/p>\n","protected":false},"featured_media":14254,"comment_status":"closed","ping_status":"closed","template":"","meta":[],"language":[1632,2093,2100,1668,3062,1569],"product_cat":[1476],"product_tag":[1601,2157,1701,1602,1603],"class_list":{"0":"post-21951","1":"product","2":"type-product","3":"status-publish","4":"has-post-thumbnail","6":"language-de-fr-2","7":"language-en-fr","8":"language-es-fr","9":"language-fr-fr","10":"language-it-fr","11":"language-nl-fr","12":"product_cat-peurs-et-phobies","13":"product_tag-anxiete","14":"product_tag-lobscurite","15":"product_tag-le-sommeil-fr","16":"product_tag-peur","17":"product_tag-phobie","18":"pa_languages-allemand","19":"pa_languages-anglais","20":"pa_languages-espagnol","21":"pa_languages-francais","22":"pa_languages-hongrois","23":"pa_languages-neerlandais","24":"pa_languages-polonais","25":"pa_languages-serbe","26":"pa_languages-ukrainien","28":"entry","29":"has-media","31":"first","32":"instock","33":"purchasable","34":"product-type-variable","35":"has-product-nav","36":"col","37":"span_1_of_4","38":"owp-content-center","39":"owp-thumbs-layout-horizontal","40":"owp-btn-big","41":"owp-tabs-layout-vertical","42":"has-no-thumbnails"},"acf":[],"aioseo_notices":[],"_links":{"self":[{"href":"https:\/\/audiohypnosis.online\/fr\/wp-json\/wp\/v2\/product\/21951","targetHints":{"allow":["GET"]}}],"collection":[{"href":"https:\/\/audiohypnosis.online\/fr\/wp-json\/wp\/v2\/product"}],"about":[{"href":"https:\/\/audiohypnosis.online\/fr\/wp-json\/wp\/v2\/types\/product"}],"replies":[{"embeddable":true,"href":"https:\/\/audiohypnosis.online\/fr\/wp-json\/wp\/v2\/comments?post=21951"}],"version-history":[{"count":0,"href":"https:\/\/audiohypnosis.online\/fr\/wp-json\/wp\/v2\/product\/21951\/revisions"}],"wp:featuredmedia":[{"embeddable":true,"href":"https:\/\/audiohypnosis.online\/fr\/wp-json\/wp\/v2\/media\/14254"}],"wp:attachment":[{"href":"https:\/\/audiohypnosis.online\/fr\/wp-json\/wp\/v2\/media?parent=21951"}],"wp:term":[{"taxonomy":"language","embeddable":true,"href":"https:\/\/audiohypnosis.online\/fr\/wp-json\/wp\/v2\/language?post=21951"},{"taxonomy":"product_cat","embeddable":true,"href":"https:\/\/audiohypnosis.online\/fr\/wp-json\/wp\/v2\/product_cat?post=21951"},{"taxonomy":"product_tag","embeddable":true,"href":"https:\/\/audiohypnosis.online\/fr\/wp-json\/wp\/v2\/product_tag?post=21951"}],"curies":[{"name":"wp","href":"https:\/\/api.w.org\/{rel}","templated":true}]}}