{"id":21887,"date":"2023-10-14T09:09:04","date_gmt":"2023-10-14T07:09:04","guid":{"rendered":"http:\/\/audiohypnosis.online\/product\/la-peur-de-mourir\/"},"modified":"2023-10-14T09:09:04","modified_gmt":"2023-10-14T07:09:04","slug":"peur-de-mourir","status":"publish","type":"product","link":"https:\/\/audiohypnosis.online\/fr\/produit\/peur-de-mourir\/","title":{"rendered":"La peur de mourir"},"content":{"rendered":"<p>Vous \u00eates aux prises avec des peurs existentielles ? Nos MP3 d&#8217;hypnose audio ont pour but de vous aider \u00e0 accepter l&#8217;aspect in\u00e9vitable de la vie auquel nous sommes tous confront\u00e9s : la mort. Gagnez en tranquillit\u00e9 d&#8217;esprit et vivez pleinement votre vie en abordant et en r\u00e9duisant cette anxi\u00e9t\u00e9. Notre offre comprend 6 fichiers audio t\u00e9l\u00e9chargeables avec diff\u00e9rentes versions pour r\u00e9pondre \u00e0 vos besoins, ainsi qu&#8217;un manuel pour une efficacit\u00e9 maximale<\/p>\n","protected":false},"excerpt":{"rendered":"<p>Vous craignez que votre peur de mourir n&#8217;affecte votre vie quotidienne ?<\/p>\n","protected":false},"featured_media":13954,"comment_status":"closed","ping_status":"closed","template":"","meta":[],"language":[1632,2093,2100,1668,1569],"product_cat":[1476],"product_tag":[1601,1634,2149,1602,1603],"class_list":{"0":"post-21887","1":"product","2":"type-product","3":"status-publish","4":"has-post-thumbnail","6":"language-de-fr-2","7":"language-en-fr","8":"language-es-fr","9":"language-fr-fr","10":"language-nl-fr","11":"product_cat-peurs-et-phobies","12":"product_tag-anxiete","13":"product_tag-bien-etre","14":"product_tag-la-mort","15":"product_tag-peur","16":"product_tag-phobie","17":"pa_languages-allemand","18":"pa_languages-anglais","19":"pa_languages-espagnol","20":"pa_languages-francais","21":"pa_languages-neerlandais","22":"pa_languages-polonais","23":"pa_languages-serbe","24":"pa_languages-ukrainien","26":"entry","27":"has-media","29":"first","30":"instock","31":"purchasable","32":"product-type-variable","33":"has-product-nav","34":"col","35":"span_1_of_4","36":"owp-content-center","37":"owp-thumbs-layout-horizontal","38":"owp-btn-big","39":"owp-tabs-layout-vertical","40":"has-no-thumbnails"},"acf":[],"aioseo_notices":[],"_links":{"self":[{"href":"https:\/\/audiohypnosis.online\/fr\/wp-json\/wp\/v2\/product\/21887","targetHints":{"allow":["GET"]}}],"collection":[{"href":"https:\/\/audiohypnosis.online\/fr\/wp-json\/wp\/v2\/product"}],"about":[{"href":"https:\/\/audiohypnosis.online\/fr\/wp-json\/wp\/v2\/types\/product"}],"replies":[{"embeddable":true,"href":"https:\/\/audiohypnosis.online\/fr\/wp-json\/wp\/v2\/comments?post=21887"}],"version-history":[{"count":0,"href":"https:\/\/audiohypnosis.online\/fr\/wp-json\/wp\/v2\/product\/21887\/revisions"}],"wp:featuredmedia":[{"embeddable":true,"href":"https:\/\/audiohypnosis.online\/fr\/wp-json\/wp\/v2\/media\/13954"}],"wp:attachment":[{"href":"https:\/\/audiohypnosis.online\/fr\/wp-json\/wp\/v2\/media?parent=21887"}],"wp:term":[{"taxonomy":"language","embeddable":true,"href":"https:\/\/audiohypnosis.online\/fr\/wp-json\/wp\/v2\/language?post=21887"},{"taxonomy":"product_cat","embeddable":true,"href":"https:\/\/audiohypnosis.online\/fr\/wp-json\/wp\/v2\/product_cat?post=21887"},{"taxonomy":"product_tag","embeddable":true,"href":"https:\/\/audiohypnosis.online\/fr\/wp-json\/wp\/v2\/product_tag?post=21887"}],"curies":[{"name":"wp","href":"https:\/\/api.w.org\/{rel}","templated":true}]}}