{"id":21855,"date":"2023-08-17T13:19:14","date_gmt":"2023-08-17T11:19:14","guid":{"rendered":"http:\/\/audiohypnosis.online\/product\/moins-de-cannabis-2\/"},"modified":"2023-08-17T13:19:14","modified_gmt":"2023-08-17T11:19:14","slug":"moins-de-cannabis-2","status":"publish","type":"product","link":"https:\/\/audiohypnosis.online\/fr\/produit\/moins-de-cannabis-2\/","title":{"rendered":"Moins de cannabis"},"content":{"rendered":"<p>Vous cherchez \u00e0 contr\u00f4ler votre consommation excessive de cannabis ? Nos MP3 d&#8217;hypnose audio vous offrent la possibilit\u00e9 de faire des choix plus sains. Le moment est venu d&#8217;op\u00e9rer une transformation positive. Mettez en \u0153uvre des changements durables pour un succ\u00e8s rapide et sain. En r\u00e9ussissant \u00e0 r\u00e9duire votre consommation de cannabis, vous atteignez un nouveau niveau de libert\u00e9, de contr\u00f4le et de bien-\u00eatre.<\/p>\n<p>Commencez d\u00e8s aujourd&#8217;hui votre voyage vers le changement. Nos MP3 d&#8217;hypnose audio vous guident vers un mode de vie sain et \u00e9quilibr\u00e9.<\/p>\n<p>Nous fournissons \u00e9galement un manuel afin que vous sachiez exactement comment obtenir les meilleurs r\u00e9sultats avec nos MP3 d&#8217;hypnose audio.<\/p>\n<p>Vous aurez acc\u00e8s \u00e0 6 fichiers audio t\u00e9l\u00e9chargeables (MP3).<\/p>\n<p>La s\u00e9ance de base (passive), une version plus courte (passive) et une s\u00e9ance \u00e0 \u00e9couter en marchant.<\/p>\n","protected":false},"excerpt":{"rendered":"<p>Vous cherchez \u00e0 contr\u00f4ler votre consommation excessive de cannabis ?<\/p>\n","protected":false},"featured_media":14092,"comment_status":"open","ping_status":"closed","template":"","meta":[],"language":[1668,1569],"product_cat":[1472],"product_tag":[1634,1989,3493,2142,1699,2141,3494],"class_list":{"0":"post-21855","1":"product","2":"type-product","3":"status-publish","4":"has-post-thumbnail","6":"language-fr-fr","7":"language-nl-fr","8":"product_cat-addictions-fr","9":"product_tag-bien-etre","10":"product_tag-cannabis-fr","11":"product_tag-gesundheit-fr","12":"product_tag-herbe","13":"product_tag-maitrise-de-soi-fr","14":"product_tag-marijuana-fr","15":"product_tag-sucht-fr","16":"pa_languages-francais","17":"pa_languages-neerlandais","19":"entry","20":"has-media","22":"first","23":"instock","24":"shipping-taxable","25":"purchasable","26":"product-type-variable","27":"has-product-nav","28":"col","29":"span_1_of_4","30":"owp-content-center","31":"owp-thumbs-layout-horizontal","32":"owp-btn-big","33":"owp-tabs-layout-vertical","34":"has-no-thumbnails"},"acf":[],"aioseo_notices":[],"_links":{"self":[{"href":"https:\/\/audiohypnosis.online\/fr\/wp-json\/wp\/v2\/product\/21855","targetHints":{"allow":["GET"]}}],"collection":[{"href":"https:\/\/audiohypnosis.online\/fr\/wp-json\/wp\/v2\/product"}],"about":[{"href":"https:\/\/audiohypnosis.online\/fr\/wp-json\/wp\/v2\/types\/product"}],"replies":[{"embeddable":true,"href":"https:\/\/audiohypnosis.online\/fr\/wp-json\/wp\/v2\/comments?post=21855"}],"version-history":[{"count":0,"href":"https:\/\/audiohypnosis.online\/fr\/wp-json\/wp\/v2\/product\/21855\/revisions"}],"wp:featuredmedia":[{"embeddable":true,"href":"https:\/\/audiohypnosis.online\/fr\/wp-json\/wp\/v2\/media\/14092"}],"wp:attachment":[{"href":"https:\/\/audiohypnosis.online\/fr\/wp-json\/wp\/v2\/media?parent=21855"}],"wp:term":[{"taxonomy":"language","embeddable":true,"href":"https:\/\/audiohypnosis.online\/fr\/wp-json\/wp\/v2\/language?post=21855"},{"taxonomy":"product_cat","embeddable":true,"href":"https:\/\/audiohypnosis.online\/fr\/wp-json\/wp\/v2\/product_cat?post=21855"},{"taxonomy":"product_tag","embeddable":true,"href":"https:\/\/audiohypnosis.online\/fr\/wp-json\/wp\/v2\/product_tag?post=21855"}],"curies":[{"name":"wp","href":"https:\/\/api.w.org\/{rel}","templated":true}]}}