{"id":21184,"date":"2023-10-14T09:09:04","date_gmt":"2023-10-14T07:09:04","guid":{"rendered":"http:\/\/audiohypnosis.online\/product\/des-rendez-vous-en-toute-confiance\/"},"modified":"2023-10-14T09:09:04","modified_gmt":"2023-10-14T07:09:04","slug":"rencontres-en-toute-confiance","status":"publish","type":"product","link":"https:\/\/audiohypnosis.online\/fr\/produit\/rencontres-en-toute-confiance\/","title":{"rendered":"Des rendez-vous en toute confiance"},"content":{"rendered":"<p>Nerveux \u00e0 l&#8217;id\u00e9e de sortir avec quelqu&#8217;un ? Nos MP3 d&#8217;hypnose audio ont pour but de renforcer votre confiance en vous et de rendre la sc\u00e8ne des rencontres moins intimidante. Avec 6 fichiers audio diff\u00e9rents et un manuel de pratiques efficaces, faites de votre prochain rendez-vous un succ\u00e8s.<\/p>\n","protected":false},"excerpt":{"rendered":"<p>Vous avez besoin de plus de confiance dans votre vie amoureuse ?<\/p>\n","protected":false},"featured_media":14236,"comment_status":"closed","ping_status":"closed","template":"","meta":[],"language":[1632,2093,2100,1668,3062,1569],"product_cat":[1480],"product_tag":[2033,1783,1732,2005,2061],"class_list":{"0":"post-21184","1":"product","2":"type-product","3":"status-publish","4":"has-post-thumbnail","6":"language-de-fr-2","7":"language-en-fr","8":"language-es-fr","9":"language-fr-fr","10":"language-it-fr","11":"language-nl-fr","12":"product_cat-relations","13":"product_tag-amour","14":"product_tag-bien-etre-emotionnel","15":"product_tag-confidence-fr","16":"product_tag-les-relations","17":"product_tag-rencontres","18":"pa_languages-allemand","19":"pa_languages-anglais","20":"pa_languages-francais","21":"pa_languages-hongrois","22":"pa_languages-neerlandais","23":"pa_languages-polonais","24":"pa_languages-portugais-bresil","25":"pa_languages-serbe","26":"pa_languages-ukrainien","28":"entry","29":"has-media","31":"first","32":"instock","33":"purchasable","34":"product-type-variable","35":"has-product-nav","36":"col","37":"span_1_of_4","38":"owp-content-center","39":"owp-thumbs-layout-horizontal","40":"owp-btn-big","41":"owp-tabs-layout-vertical","42":"has-no-thumbnails"},"acf":[],"aioseo_notices":[],"_links":{"self":[{"href":"https:\/\/audiohypnosis.online\/fr\/wp-json\/wp\/v2\/product\/21184","targetHints":{"allow":["GET"]}}],"collection":[{"href":"https:\/\/audiohypnosis.online\/fr\/wp-json\/wp\/v2\/product"}],"about":[{"href":"https:\/\/audiohypnosis.online\/fr\/wp-json\/wp\/v2\/types\/product"}],"replies":[{"embeddable":true,"href":"https:\/\/audiohypnosis.online\/fr\/wp-json\/wp\/v2\/comments?post=21184"}],"version-history":[{"count":0,"href":"https:\/\/audiohypnosis.online\/fr\/wp-json\/wp\/v2\/product\/21184\/revisions"}],"wp:featuredmedia":[{"embeddable":true,"href":"https:\/\/audiohypnosis.online\/fr\/wp-json\/wp\/v2\/media\/14236"}],"wp:attachment":[{"href":"https:\/\/audiohypnosis.online\/fr\/wp-json\/wp\/v2\/media?parent=21184"}],"wp:term":[{"taxonomy":"language","embeddable":true,"href":"https:\/\/audiohypnosis.online\/fr\/wp-json\/wp\/v2\/language?post=21184"},{"taxonomy":"product_cat","embeddable":true,"href":"https:\/\/audiohypnosis.online\/fr\/wp-json\/wp\/v2\/product_cat?post=21184"},{"taxonomy":"product_tag","embeddable":true,"href":"https:\/\/audiohypnosis.online\/fr\/wp-json\/wp\/v2\/product_tag?post=21184"}],"curies":[{"name":"wp","href":"https:\/\/api.w.org\/{rel}","templated":true}]}}