{"id":21176,"date":"2023-10-14T09:09:09","date_gmt":"2023-10-14T07:09:09","guid":{"rendered":"http:\/\/audiohypnosis.online\/product\/booster-dego\/"},"modified":"2023-10-14T09:09:09","modified_gmt":"2023-10-14T07:09:09","slug":"booster-de-lego","status":"publish","type":"product","link":"https:\/\/audiohypnosis.online\/fr\/produit\/booster-de-lego\/","title":{"rendered":"Booster d&#8217;ego"},"content":{"rendered":"<p>En qu\u00eate d&#8217;un regain d&#8217;estime de soi ? Nos s\u00e9ances d&#8217;hypnose audio offrent un chemin vers une meilleure perception de soi. Acc\u00e9dez \u00e0 6 fichiers audio t\u00e9l\u00e9chargeables et \u00e0 un manuel pour vous guider vers une image de soi plus positive.<\/p>\n","protected":false},"excerpt":{"rendered":"<p>En qu\u00eate d&#8217;un regain d&#8217;estime de soi ?<\/p>\n","protected":false},"featured_media":14026,"comment_status":"closed","ping_status":"closed","template":"","meta":[],"language":[1632,1668,1569],"product_cat":[1481],"product_tag":[1731,1783,1732,1876,1877],"class_list":{"0":"post-21176","1":"product","2":"type-product","3":"status-publish","4":"has-post-thumbnail","6":"language-de-fr-2","7":"language-fr-fr","8":"language-nl-fr","9":"product_cat-auto-amelioration","10":"product_tag-amelioration-de-soi","11":"product_tag-bien-etre-emotionnel","12":"product_tag-confidence-fr","13":"product_tag-estime-de-soi","14":"product_tag-positivite","15":"pa_languages-allemand","16":"pa_languages-francais","17":"pa_languages-neerlandais","18":"pa_languages-serbe","19":"pa_languages-ukrainien","21":"entry","22":"has-media","24":"first","25":"instock","26":"purchasable","27":"product-type-variable","28":"has-product-nav","29":"col","30":"span_1_of_4","31":"owp-content-center","32":"owp-thumbs-layout-horizontal","33":"owp-btn-big","34":"owp-tabs-layout-vertical","35":"has-no-thumbnails"},"acf":[],"aioseo_notices":[],"_links":{"self":[{"href":"https:\/\/audiohypnosis.online\/fr\/wp-json\/wp\/v2\/product\/21176","targetHints":{"allow":["GET"]}}],"collection":[{"href":"https:\/\/audiohypnosis.online\/fr\/wp-json\/wp\/v2\/product"}],"about":[{"href":"https:\/\/audiohypnosis.online\/fr\/wp-json\/wp\/v2\/types\/product"}],"replies":[{"embeddable":true,"href":"https:\/\/audiohypnosis.online\/fr\/wp-json\/wp\/v2\/comments?post=21176"}],"version-history":[{"count":0,"href":"https:\/\/audiohypnosis.online\/fr\/wp-json\/wp\/v2\/product\/21176\/revisions"}],"wp:featuredmedia":[{"embeddable":true,"href":"https:\/\/audiohypnosis.online\/fr\/wp-json\/wp\/v2\/media\/14026"}],"wp:attachment":[{"href":"https:\/\/audiohypnosis.online\/fr\/wp-json\/wp\/v2\/media?parent=21176"}],"wp:term":[{"taxonomy":"language","embeddable":true,"href":"https:\/\/audiohypnosis.online\/fr\/wp-json\/wp\/v2\/language?post=21176"},{"taxonomy":"product_cat","embeddable":true,"href":"https:\/\/audiohypnosis.online\/fr\/wp-json\/wp\/v2\/product_cat?post=21176"},{"taxonomy":"product_tag","embeddable":true,"href":"https:\/\/audiohypnosis.online\/fr\/wp-json\/wp\/v2\/product_tag?post=21176"}],"curies":[{"name":"wp","href":"https:\/\/api.w.org\/{rel}","templated":true}]}}