{"id":21168,"date":"2023-10-14T09:09:09","date_gmt":"2023-10-14T07:09:09","guid":{"rendered":"http:\/\/audiohypnosis.online\/product\/dysfonctionnement-erectile\/"},"modified":"2023-10-14T09:09:09","modified_gmt":"2023-10-14T07:09:09","slug":"dysfonction-erectile","status":"publish","type":"product","link":"https:\/\/audiohypnosis.online\/fr\/produit\/dysfonction-erectile\/","title":{"rendered":"Dysfonctionnement \u00e9rectile"},"content":{"rendered":"<p>Vous avez des probl\u00e8mes de sant\u00e9 sexuelle ? Nos s\u00e9ances d&#8217;hypnose audio ont pour but d&#8217;aider les hommes \u00e0 faire face \u00e0 la dysfonction \u00e9rectile. Vous aurez acc\u00e8s \u00e0 6 fichiers audio t\u00e9l\u00e9chargeables et \u00e0 un manuel de bonnes pratiques.<\/p>\n","protected":false},"excerpt":{"rendered":"<p>Vous voulez lutter contre les troubles de l&#8217;\u00e9rection ?<\/p>\n","protected":false},"featured_media":14032,"comment_status":"closed","ping_status":"closed","template":"","meta":[],"language":[1632,2093,3062,1569],"product_cat":[1482],"product_tag":[2006,2060,3493,2059,2005],"class_list":{"0":"post-21168","1":"product","2":"type-product","3":"status-publish","4":"has-post-thumbnail","6":"language-de-fr-2","7":"language-en-fr","8":"language-it-fr","9":"language-nl-fr","10":"product_cat-sexualite","11":"product_tag-bien-etre-sexuel","12":"product_tag-dysfonctionnement-erectile","13":"product_tag-gesundheit-fr","14":"product_tag-les-hommes","15":"product_tag-les-relations","16":"pa_languages-allemand","17":"pa_languages-anglais","18":"pa_languages-italien","19":"pa_languages-neerlandais","20":"pa_languages-serbe","21":"pa_languages-ukrainien","23":"entry","24":"has-media","26":"first","27":"instock","28":"purchasable","29":"product-type-variable","30":"has-product-nav","31":"col","32":"span_1_of_4","33":"owp-content-center","34":"owp-thumbs-layout-horizontal","35":"owp-btn-big","36":"owp-tabs-layout-vertical","37":"has-no-thumbnails"},"acf":[],"aioseo_notices":[],"_links":{"self":[{"href":"https:\/\/audiohypnosis.online\/fr\/wp-json\/wp\/v2\/product\/21168","targetHints":{"allow":["GET"]}}],"collection":[{"href":"https:\/\/audiohypnosis.online\/fr\/wp-json\/wp\/v2\/product"}],"about":[{"href":"https:\/\/audiohypnosis.online\/fr\/wp-json\/wp\/v2\/types\/product"}],"replies":[{"embeddable":true,"href":"https:\/\/audiohypnosis.online\/fr\/wp-json\/wp\/v2\/comments?post=21168"}],"version-history":[{"count":0,"href":"https:\/\/audiohypnosis.online\/fr\/wp-json\/wp\/v2\/product\/21168\/revisions"}],"wp:featuredmedia":[{"embeddable":true,"href":"https:\/\/audiohypnosis.online\/fr\/wp-json\/wp\/v2\/media\/14032"}],"wp:attachment":[{"href":"https:\/\/audiohypnosis.online\/fr\/wp-json\/wp\/v2\/media?parent=21168"}],"wp:term":[{"taxonomy":"language","embeddable":true,"href":"https:\/\/audiohypnosis.online\/fr\/wp-json\/wp\/v2\/language?post=21168"},{"taxonomy":"product_cat","embeddable":true,"href":"https:\/\/audiohypnosis.online\/fr\/wp-json\/wp\/v2\/product_cat?post=21168"},{"taxonomy":"product_tag","embeddable":true,"href":"https:\/\/audiohypnosis.online\/fr\/wp-json\/wp\/v2\/product_tag?post=21168"}],"curies":[{"name":"wp","href":"https:\/\/api.w.org\/{rel}","templated":true}]}}