{"id":21151,"date":"2023-10-14T09:09:09","date_gmt":"2023-10-14T07:09:09","guid":{"rendered":"http:\/\/audiohypnosis.online\/product\/la-dependance-au-jeu\/"},"modified":"2023-10-14T09:09:09","modified_gmt":"2023-10-14T07:09:09","slug":"jeux-de-hasard-et-dargent","status":"publish","type":"product","link":"https:\/\/audiohypnosis.online\/fr\/produit\/jeux-de-hasard-et-dargent\/","title":{"rendered":"La d\u00e9pendance au jeu"},"content":{"rendered":"<p>Vous \u00eates aux prises avec une d\u00e9pendance au jeu ? Nos s\u00e9ances d&#8217;hypnose audio sont con\u00e7ues pour vous aider \u00e0 reprendre le contr\u00f4le. La trousse comprend 6 fichiers audio t\u00e9l\u00e9chargeables et un manuel pour vous guider dans votre cheminement vers la libert\u00e9 de jeu.<\/p>\n","protected":false},"excerpt":{"rendered":"<p>Vous \u00eates aux prises avec une d\u00e9pendance au jeu ?<\/p>\n","protected":false},"featured_media":14044,"comment_status":"closed","ping_status":"closed","template":"","meta":[],"language":[1632,1668,1569],"product_cat":[1472],"product_tag":[1634,3493,2057,1699,3494],"class_list":{"0":"post-21151","1":"product","2":"type-product","3":"status-publish","4":"has-post-thumbnail","6":"language-de-fr-2","7":"language-fr-fr","8":"language-nl-fr","9":"product_cat-addictions-fr","10":"product_tag-bien-etre","11":"product_tag-gesundheit-fr","12":"product_tag-jeux-de-hasard","13":"product_tag-maitrise-de-soi-fr","14":"product_tag-sucht-fr","15":"pa_languages-allemand","16":"pa_languages-francais","17":"pa_languages-neerlandais","18":"pa_languages-serbe","20":"entry","21":"has-media","23":"first","24":"instock","25":"purchasable","26":"product-type-variable","27":"has-product-nav","28":"col","29":"span_1_of_4","30":"owp-content-center","31":"owp-thumbs-layout-horizontal","32":"owp-btn-big","33":"owp-tabs-layout-vertical","34":"has-no-thumbnails"},"acf":[],"aioseo_notices":[],"_links":{"self":[{"href":"https:\/\/audiohypnosis.online\/fr\/wp-json\/wp\/v2\/product\/21151","targetHints":{"allow":["GET"]}}],"collection":[{"href":"https:\/\/audiohypnosis.online\/fr\/wp-json\/wp\/v2\/product"}],"about":[{"href":"https:\/\/audiohypnosis.online\/fr\/wp-json\/wp\/v2\/types\/product"}],"replies":[{"embeddable":true,"href":"https:\/\/audiohypnosis.online\/fr\/wp-json\/wp\/v2\/comments?post=21151"}],"version-history":[{"count":0,"href":"https:\/\/audiohypnosis.online\/fr\/wp-json\/wp\/v2\/product\/21151\/revisions"}],"wp:featuredmedia":[{"embeddable":true,"href":"https:\/\/audiohypnosis.online\/fr\/wp-json\/wp\/v2\/media\/14044"}],"wp:attachment":[{"href":"https:\/\/audiohypnosis.online\/fr\/wp-json\/wp\/v2\/media?parent=21151"}],"wp:term":[{"taxonomy":"language","embeddable":true,"href":"https:\/\/audiohypnosis.online\/fr\/wp-json\/wp\/v2\/language?post=21151"},{"taxonomy":"product_cat","embeddable":true,"href":"https:\/\/audiohypnosis.online\/fr\/wp-json\/wp\/v2\/product_cat?post=21151"},{"taxonomy":"product_tag","embeddable":true,"href":"https:\/\/audiohypnosis.online\/fr\/wp-json\/wp\/v2\/product_tag?post=21151"}],"curies":[{"name":"wp","href":"https:\/\/api.w.org\/{rel}","templated":true}]}}