{"id":21142,"date":"2023-10-14T09:09:09","date_gmt":"2023-10-14T07:09:09","guid":{"rendered":"http:\/\/audiohypnosis.online\/product\/lattente-dans-le-golf\/"},"modified":"2023-10-14T09:09:09","modified_gmt":"2023-10-14T07:09:09","slug":"attente-au-golf","status":"publish","type":"product","link":"https:\/\/audiohypnosis.online\/fr\/produit\/attente-au-golf\/","title":{"rendered":"L&#8217;attente dans le golf"},"content":{"rendered":"<p>Impatient d&#8217;attendre son tour au golf ? Nos MP3 d&#8217;hypnose audio ont pour but de vous aider \u00e0 cultiver la patience, afin d&#8217;am\u00e9liorer \u00e0 la fois votre jeu et votre bien-\u00eatre mental. L&#8217;ensemble est accompagn\u00e9 de 6 fichiers audio et d&#8217;un manuel pour une utilisation efficace.<\/p>\n","protected":false},"excerpt":{"rendered":"<p>Besoin de patience dans votre jeu de golf ?<\/p>\n","protected":false},"featured_media":14050,"comment_status":"closed","ping_status":"closed","template":"","meta":[],"language":[1632,1569],"product_cat":[1485],"product_tag":[2055,1572,1570,2056,1571],"class_list":{"0":"post-21142","1":"product","2":"type-product","3":"status-publish","4":"has-post-thumbnail","6":"language-de-fr-2","7":"language-nl-fr","8":"product_cat-sports-et-jeux","9":"product_tag-attente","10":"product_tag-le-golf","11":"product_tag-loisirs","12":"product_tag-patience-fr","13":"product_tag-sports-fr","14":"pa_languages-allemand","15":"pa_languages-neerlandais","17":"entry","18":"has-media","20":"first","21":"instock","22":"purchasable","23":"product-type-variable","24":"has-product-nav","25":"col","26":"span_1_of_4","27":"owp-content-center","28":"owp-thumbs-layout-horizontal","29":"owp-btn-big","30":"owp-tabs-layout-vertical","31":"has-no-thumbnails"},"acf":[],"aioseo_notices":[],"_links":{"self":[{"href":"https:\/\/audiohypnosis.online\/fr\/wp-json\/wp\/v2\/product\/21142","targetHints":{"allow":["GET"]}}],"collection":[{"href":"https:\/\/audiohypnosis.online\/fr\/wp-json\/wp\/v2\/product"}],"about":[{"href":"https:\/\/audiohypnosis.online\/fr\/wp-json\/wp\/v2\/types\/product"}],"replies":[{"embeddable":true,"href":"https:\/\/audiohypnosis.online\/fr\/wp-json\/wp\/v2\/comments?post=21142"}],"version-history":[{"count":0,"href":"https:\/\/audiohypnosis.online\/fr\/wp-json\/wp\/v2\/product\/21142\/revisions"}],"wp:featuredmedia":[{"embeddable":true,"href":"https:\/\/audiohypnosis.online\/fr\/wp-json\/wp\/v2\/media\/14050"}],"wp:attachment":[{"href":"https:\/\/audiohypnosis.online\/fr\/wp-json\/wp\/v2\/media?parent=21142"}],"wp:term":[{"taxonomy":"language","embeddable":true,"href":"https:\/\/audiohypnosis.online\/fr\/wp-json\/wp\/v2\/language?post=21142"},{"taxonomy":"product_cat","embeddable":true,"href":"https:\/\/audiohypnosis.online\/fr\/wp-json\/wp\/v2\/product_cat?post=21142"},{"taxonomy":"product_tag","embeddable":true,"href":"https:\/\/audiohypnosis.online\/fr\/wp-json\/wp\/v2\/product_tag?post=21142"}],"curies":[{"name":"wp","href":"https:\/\/api.w.org\/{rel}","templated":true}]}}