{"id":20744,"date":"2023-10-14T09:09:09","date_gmt":"2023-10-14T07:09:09","guid":{"rendered":"http:\/\/audiohypnosis.online\/product\/chagrin-damour\/"},"modified":"2023-10-14T09:09:09","modified_gmt":"2023-10-14T07:09:09","slug":"chagrin-damour","status":"publish","type":"product","link":"https:\/\/audiohypnosis.online\/fr\/produit\/chagrin-damour\/","title":{"rendered":"Chagrin d&#8217;amour"},"content":{"rendered":"<p>Vous souffrez d&#8217;un c\u0153ur bris\u00e9 ? Nos MP3 d&#8217;hypnose audio offrent un chemin vers la gu\u00e9rison \u00e9motionnelle. Trouvez un soulagement et prenez un nouveau d\u00e9part gr\u00e2ce \u00e0 notre offre qui comprend 6 fichiers audio et un manuel de bonnes pratiques.<\/p>\n","protected":false},"excerpt":{"rendered":"<p>Besoin d&#8217;aide pour surmonter un chagrin d&#8217;amour ?<\/p>\n","protected":false},"featured_media":14068,"comment_status":"closed","ping_status":"closed","template":"","meta":[],"language":[1632,1668,1569],"product_cat":[1480],"product_tag":[2033,1783,2034,1785,2005],"class_list":{"0":"post-20744","1":"product","2":"type-product","3":"status-publish","4":"has-post-thumbnail","6":"language-de-fr-2","7":"language-fr-fr","8":"language-nl-fr","9":"product_cat-relations","10":"product_tag-amour","11":"product_tag-bien-etre-emotionnel","12":"product_tag-chagrin-damour","13":"product_tag-guerison","14":"product_tag-les-relations","15":"pa_languages-allemand","16":"pa_languages-francais","17":"pa_languages-neerlandais","19":"entry","20":"has-media","22":"first","23":"instock","24":"purchasable","25":"product-type-variable","26":"has-product-nav","27":"col","28":"span_1_of_4","29":"owp-content-center","30":"owp-thumbs-layout-horizontal","31":"owp-btn-big","32":"owp-tabs-layout-vertical","33":"has-no-thumbnails"},"acf":[],"aioseo_notices":[],"_links":{"self":[{"href":"https:\/\/audiohypnosis.online\/fr\/wp-json\/wp\/v2\/product\/20744","targetHints":{"allow":["GET"]}}],"collection":[{"href":"https:\/\/audiohypnosis.online\/fr\/wp-json\/wp\/v2\/product"}],"about":[{"href":"https:\/\/audiohypnosis.online\/fr\/wp-json\/wp\/v2\/types\/product"}],"replies":[{"embeddable":true,"href":"https:\/\/audiohypnosis.online\/fr\/wp-json\/wp\/v2\/comments?post=20744"}],"version-history":[{"count":0,"href":"https:\/\/audiohypnosis.online\/fr\/wp-json\/wp\/v2\/product\/20744\/revisions"}],"wp:featuredmedia":[{"embeddable":true,"href":"https:\/\/audiohypnosis.online\/fr\/wp-json\/wp\/v2\/media\/14068"}],"wp:attachment":[{"href":"https:\/\/audiohypnosis.online\/fr\/wp-json\/wp\/v2\/media?parent=20744"}],"wp:term":[{"taxonomy":"language","embeddable":true,"href":"https:\/\/audiohypnosis.online\/fr\/wp-json\/wp\/v2\/language?post=20744"},{"taxonomy":"product_cat","embeddable":true,"href":"https:\/\/audiohypnosis.online\/fr\/wp-json\/wp\/v2\/product_cat?post=20744"},{"taxonomy":"product_tag","embeddable":true,"href":"https:\/\/audiohypnosis.online\/fr\/wp-json\/wp\/v2\/product_tag?post=20744"}],"curies":[{"name":"wp","href":"https:\/\/api.w.org\/{rel}","templated":true}]}}