{"id":20062,"date":"2023-10-14T09:09:09","date_gmt":"2023-10-14T07:09:09","guid":{"rendered":"http:\/\/audiohypnosis.online\/product\/augmentation-du-desir-sexuel\/"},"modified":"2023-10-14T09:09:09","modified_gmt":"2023-10-14T07:09:09","slug":"desir-sexuel-accru","status":"publish","type":"product","link":"https:\/\/audiohypnosis.online\/fr\/produit\/desir-sexuel-accru\/","title":{"rendered":"Augmentation du d\u00e9sir sexuel"},"content":{"rendered":"<p>Vous voulez une vie sexuelle plus satisfaisante ? Nos MP3 d&#8217;hypnose audio peuvent vous aider \u00e0 stimuler votre libido. Acc\u00e9dez \u00e0 6 fichiers audio t\u00e9l\u00e9chargeables et \u00e0 un manuel pour vous guider vers une vie intime plus satisfaisante.<\/p>\n","protected":false},"excerpt":{"rendered":"<p>Vous voulez augmenter votre d\u00e9sir sexuel ?<\/p>\n","protected":false},"featured_media":14080,"comment_status":"closed","ping_status":"closed","template":"","meta":[],"language":[1632,2100,1668,1569],"product_cat":[1482],"product_tag":[2005,2004],"class_list":{"0":"post-20062","1":"product","2":"type-product","3":"status-publish","4":"has-post-thumbnail","6":"language-de-fr-2","7":"language-es-fr","8":"language-fr-fr","9":"language-nl-fr","10":"product_cat-sexualite","11":"product_tag-les-relations","12":"product_tag-libido-fr","13":"pa_languages-allemand","14":"pa_languages-anglais","15":"pa_languages-espagnol","16":"pa_languages-francais","17":"pa_languages-hongrois","18":"pa_languages-neerlandais","19":"pa_languages-portugais-bresil","20":"pa_languages-serbe","21":"pa_languages-ukrainien","23":"entry","24":"has-media","26":"first","27":"instock","28":"purchasable","29":"product-type-variable","30":"has-product-nav","31":"col","32":"span_1_of_4","33":"owp-content-center","34":"owp-thumbs-layout-horizontal","35":"owp-btn-big","36":"owp-tabs-layout-vertical","37":"has-no-thumbnails"},"acf":[],"aioseo_notices":[],"_links":{"self":[{"href":"https:\/\/audiohypnosis.online\/fr\/wp-json\/wp\/v2\/product\/20062","targetHints":{"allow":["GET"]}}],"collection":[{"href":"https:\/\/audiohypnosis.online\/fr\/wp-json\/wp\/v2\/product"}],"about":[{"href":"https:\/\/audiohypnosis.online\/fr\/wp-json\/wp\/v2\/types\/product"}],"replies":[{"embeddable":true,"href":"https:\/\/audiohypnosis.online\/fr\/wp-json\/wp\/v2\/comments?post=20062"}],"version-history":[{"count":0,"href":"https:\/\/audiohypnosis.online\/fr\/wp-json\/wp\/v2\/product\/20062\/revisions"}],"wp:featuredmedia":[{"embeddable":true,"href":"https:\/\/audiohypnosis.online\/fr\/wp-json\/wp\/v2\/media\/14080"}],"wp:attachment":[{"href":"https:\/\/audiohypnosis.online\/fr\/wp-json\/wp\/v2\/media?parent=20062"}],"wp:term":[{"taxonomy":"language","embeddable":true,"href":"https:\/\/audiohypnosis.online\/fr\/wp-json\/wp\/v2\/language?post=20062"},{"taxonomy":"product_cat","embeddable":true,"href":"https:\/\/audiohypnosis.online\/fr\/wp-json\/wp\/v2\/product_cat?post=20062"},{"taxonomy":"product_tag","embeddable":true,"href":"https:\/\/audiohypnosis.online\/fr\/wp-json\/wp\/v2\/product_tag?post=20062"}],"curies":[{"name":"wp","href":"https:\/\/api.w.org\/{rel}","templated":true}]}}