{"id":19065,"date":"2023-10-14T09:09:09","date_gmt":"2023-10-14T07:09:09","guid":{"rendered":"http:\/\/audiohypnosis.online\/product\/migraines\/"},"modified":"2023-10-14T09:09:09","modified_gmt":"2023-10-14T07:09:09","slug":"migraines","status":"publish","type":"product","link":"https:\/\/audiohypnosis.online\/fr\/produit\/migraines\/","title":{"rendered":"Migraines"},"content":{"rendered":"<p>Vous en avez assez que les migraines perturbent votre vie ? Nos s\u00e9ances d&#8217;hypnose audio sont ax\u00e9es sur la gestion et le soulagement de la douleur. Vous recevrez 6 fichiers audio t\u00e9l\u00e9chargeables et un manuel de bonnes pratiques pour vous aider \u00e0 g\u00e9rer vos sympt\u00f4mes.<\/p>\n","protected":false},"excerpt":{"rendered":"<p>Besoin d&#8217;un soulagement des migraines ?<\/p>\n","protected":false},"featured_media":14086,"comment_status":"closed","ping_status":"closed","template":"","meta":[],"language":[1632,2093,2100,1668,3062,1569],"product_cat":[1477],"product_tag":[1997,2330],"class_list":{"0":"post-19065","1":"product","2":"type-product","3":"status-publish","4":"has-post-thumbnail","6":"language-de-fr-2","7":"language-en-fr","8":"language-es-fr","9":"language-fr-fr","10":"language-it-fr","11":"language-nl-fr","12":"product_cat-sante-et-bien-etre","13":"product_tag-gestion-de-la-douleur","14":"product_tag-sante-fr","15":"pa_languages-allemand","16":"pa_languages-anglais","17":"pa_languages-espagnol","18":"pa_languages-francais","19":"pa_languages-hongrois","20":"pa_languages-italien","21":"pa_languages-neerlandais","22":"pa_languages-portugais-bresil","23":"pa_languages-serbe","24":"pa_languages-ukrainien","26":"entry","27":"has-media","29":"first","30":"instock","31":"purchasable","32":"product-type-variable","33":"has-product-nav","34":"col","35":"span_1_of_4","36":"owp-content-center","37":"owp-thumbs-layout-horizontal","38":"owp-btn-big","39":"owp-tabs-layout-vertical","40":"has-no-thumbnails"},"acf":[],"aioseo_notices":[],"_links":{"self":[{"href":"https:\/\/audiohypnosis.online\/fr\/wp-json\/wp\/v2\/product\/19065","targetHints":{"allow":["GET"]}}],"collection":[{"href":"https:\/\/audiohypnosis.online\/fr\/wp-json\/wp\/v2\/product"}],"about":[{"href":"https:\/\/audiohypnosis.online\/fr\/wp-json\/wp\/v2\/types\/product"}],"replies":[{"embeddable":true,"href":"https:\/\/audiohypnosis.online\/fr\/wp-json\/wp\/v2\/comments?post=19065"}],"version-history":[{"count":0,"href":"https:\/\/audiohypnosis.online\/fr\/wp-json\/wp\/v2\/product\/19065\/revisions"}],"wp:featuredmedia":[{"embeddable":true,"href":"https:\/\/audiohypnosis.online\/fr\/wp-json\/wp\/v2\/media\/14086"}],"wp:attachment":[{"href":"https:\/\/audiohypnosis.online\/fr\/wp-json\/wp\/v2\/media?parent=19065"}],"wp:term":[{"taxonomy":"language","embeddable":true,"href":"https:\/\/audiohypnosis.online\/fr\/wp-json\/wp\/v2\/language?post=19065"},{"taxonomy":"product_cat","embeddable":true,"href":"https:\/\/audiohypnosis.online\/fr\/wp-json\/wp\/v2\/product_cat?post=19065"},{"taxonomy":"product_tag","embeddable":true,"href":"https:\/\/audiohypnosis.online\/fr\/wp-json\/wp\/v2\/product_tag?post=19065"}],"curies":[{"name":"wp","href":"https:\/\/api.w.org\/{rel}","templated":true}]}}