{"id":18278,"date":"2023-10-14T09:09:09","date_gmt":"2023-10-14T07:09:09","guid":{"rendered":"http:\/\/audiohypnosis.online\/product\/moins-dinquietude\/"},"modified":"2023-10-14T09:09:09","modified_gmt":"2023-10-14T07:09:09","slug":"moins-d-inquietude","status":"publish","type":"product","link":"https:\/\/audiohypnosis.online\/fr\/produit\/moins-d-inquietude\/","title":{"rendered":"Moins d&#8217;inqui\u00e9tude"},"content":{"rendered":"<p>Vous vous inqui\u00e9tez excessivement ? Nos MP3 d&#8217;hypnose audio peuvent vous aider \u00e0 adopter une approche plus d\u00e9tendue de la vie. L&#8217;ensemble comprend 6 fichiers audio et un manuel pour vous guider vers moins de stress et plus de paix.<\/p>\n","protected":false},"excerpt":{"rendered":"<p>Vous voulez moins vous inqui\u00e9ter et vivre davantage ?<\/p>\n","protected":false},"featured_media":14110,"comment_status":"closed","ping_status":"closed","template":"","meta":[],"language":[1632,1668,1569],"product_cat":[1475],"product_tag":[1601,1783,1698,1784,1949],"class_list":{"0":"post-18278","1":"product","2":"type-product","3":"status-publish","4":"has-post-thumbnail","6":"language-de-fr-2","7":"language-fr-fr","8":"language-nl-fr","9":"product_cat-bien-etre-emotionnel","10":"product_tag-anxiete","11":"product_tag-bien-etre-emotionnel","12":"product_tag-le-stress-fr","13":"product_tag-prendre-soin-de-soi","14":"product_tag-sinquieter","15":"pa_languages-allemand","16":"pa_languages-francais","17":"pa_languages-neerlandais","18":"pa_languages-portugais-bresil","20":"entry","21":"has-media","23":"first","24":"instock","25":"purchasable","26":"product-type-variable","27":"has-product-nav","28":"col","29":"span_1_of_4","30":"owp-content-center","31":"owp-thumbs-layout-horizontal","32":"owp-btn-big","33":"owp-tabs-layout-vertical","34":"has-no-thumbnails"},"acf":[],"aioseo_notices":[],"_links":{"self":[{"href":"https:\/\/audiohypnosis.online\/fr\/wp-json\/wp\/v2\/product\/18278","targetHints":{"allow":["GET"]}}],"collection":[{"href":"https:\/\/audiohypnosis.online\/fr\/wp-json\/wp\/v2\/product"}],"about":[{"href":"https:\/\/audiohypnosis.online\/fr\/wp-json\/wp\/v2\/types\/product"}],"replies":[{"embeddable":true,"href":"https:\/\/audiohypnosis.online\/fr\/wp-json\/wp\/v2\/comments?post=18278"}],"version-history":[{"count":0,"href":"https:\/\/audiohypnosis.online\/fr\/wp-json\/wp\/v2\/product\/18278\/revisions"}],"wp:featuredmedia":[{"embeddable":true,"href":"https:\/\/audiohypnosis.online\/fr\/wp-json\/wp\/v2\/media\/14110"}],"wp:attachment":[{"href":"https:\/\/audiohypnosis.online\/fr\/wp-json\/wp\/v2\/media?parent=18278"}],"wp:term":[{"taxonomy":"language","embeddable":true,"href":"https:\/\/audiohypnosis.online\/fr\/wp-json\/wp\/v2\/language?post=18278"},{"taxonomy":"product_cat","embeddable":true,"href":"https:\/\/audiohypnosis.online\/fr\/wp-json\/wp\/v2\/product_cat?post=18278"},{"taxonomy":"product_tag","embeddable":true,"href":"https:\/\/audiohypnosis.online\/fr\/wp-json\/wp\/v2\/product_tag?post=18278"}],"curies":[{"name":"wp","href":"https:\/\/api.w.org\/{rel}","templated":true}]}}