{"id":18107,"date":"2023-10-14T09:09:09","date_gmt":"2023-10-14T07:09:09","guid":{"rendered":"http:\/\/audiohypnosis.online\/product\/cauchemars\/"},"modified":"2023-10-14T09:09:09","modified_gmt":"2023-10-14T07:09:09","slug":"cauchemars","status":"publish","type":"product","link":"https:\/\/audiohypnosis.online\/fr\/produit\/cauchemars\/","title":{"rendered":"Cauchemars"},"content":{"rendered":"<p>Des cauchemars vous hantent ? Nos MP3 d&#8217;hypnose audio sont con\u00e7us pour vous aider \u00e0 dormir plus paisiblement. Vous recevrez 6 fichiers audio t\u00e9l\u00e9chargeables et un manuel de bonnes pratiques pour am\u00e9liorer la qualit\u00e9 de votre sommeil.<\/p>\n","protected":false},"excerpt":{"rendered":"<p>Des cauchemars r\u00e9currents ?<\/p>\n","protected":false},"featured_media":14128,"comment_status":"closed","ping_status":"closed","template":"","meta":[],"language":[1632,1668,1569],"product_cat":[1483],"product_tag":[1634,1783,1937,3493,1701],"class_list":{"0":"post-18107","1":"product","2":"type-product","3":"status-publish","4":"has-post-thumbnail","6":"language-de-fr-2","7":"language-fr-fr","8":"language-nl-fr","9":"product_cat-sommeil","10":"product_tag-bien-etre","11":"product_tag-bien-etre-emotionnel","12":"product_tag-cauchemars","13":"product_tag-gesundheit-fr","14":"product_tag-le-sommeil-fr","15":"pa_languages-allemand","16":"pa_languages-francais","17":"pa_languages-neerlandais","18":"pa_languages-portugais-bresil","20":"entry","21":"has-media","23":"first","24":"instock","25":"purchasable","26":"product-type-variable","27":"has-product-nav","28":"col","29":"span_1_of_4","30":"owp-content-center","31":"owp-thumbs-layout-horizontal","32":"owp-btn-big","33":"owp-tabs-layout-vertical","34":"has-no-thumbnails"},"acf":[],"aioseo_notices":[],"_links":{"self":[{"href":"https:\/\/audiohypnosis.online\/fr\/wp-json\/wp\/v2\/product\/18107","targetHints":{"allow":["GET"]}}],"collection":[{"href":"https:\/\/audiohypnosis.online\/fr\/wp-json\/wp\/v2\/product"}],"about":[{"href":"https:\/\/audiohypnosis.online\/fr\/wp-json\/wp\/v2\/types\/product"}],"replies":[{"embeddable":true,"href":"https:\/\/audiohypnosis.online\/fr\/wp-json\/wp\/v2\/comments?post=18107"}],"version-history":[{"count":0,"href":"https:\/\/audiohypnosis.online\/fr\/wp-json\/wp\/v2\/product\/18107\/revisions"}],"wp:featuredmedia":[{"embeddable":true,"href":"https:\/\/audiohypnosis.online\/fr\/wp-json\/wp\/v2\/media\/14128"}],"wp:attachment":[{"href":"https:\/\/audiohypnosis.online\/fr\/wp-json\/wp\/v2\/media?parent=18107"}],"wp:term":[{"taxonomy":"language","embeddable":true,"href":"https:\/\/audiohypnosis.online\/fr\/wp-json\/wp\/v2\/language?post=18107"},{"taxonomy":"product_cat","embeddable":true,"href":"https:\/\/audiohypnosis.online\/fr\/wp-json\/wp\/v2\/product_cat?post=18107"},{"taxonomy":"product_tag","embeddable":true,"href":"https:\/\/audiohypnosis.online\/fr\/wp-json\/wp\/v2\/product_tag?post=18107"}],"curies":[{"name":"wp","href":"https:\/\/api.w.org\/{rel}","templated":true}]}}