{"id":17960,"date":"2023-10-14T09:09:13","date_gmt":"2023-10-14T07:09:13","guid":{"rendered":"http:\/\/audiohypnosis.online\/product\/reflexion-excessive\/"},"modified":"2023-10-14T09:09:13","modified_gmt":"2023-10-14T07:09:13","slug":"trop-penser","status":"publish","type":"product","link":"https:\/\/audiohypnosis.online\/fr\/produit\/trop-penser\/","title":{"rendered":"R\u00e9flexion excessive"},"content":{"rendered":"<p>Pris dans un cercle vicieux de pens\u00e9es excessives ? Nos MP3 d&#8217;hypnose audio peuvent vous aider \u00e0 vous lib\u00e9rer et \u00e0 vous concentrer sur ce qui compte vraiment. L&#8217;ensemble comprend 6 fichiers audio et un manuel pour une utilisation efficace.<\/p>\n","protected":false},"excerpt":{"rendered":"<p>Coinc\u00e9 dans une boucle de pens\u00e9es excessives ?<\/p>\n","protected":false},"featured_media":14158,"comment_status":"closed","ping_status":"closed","template":"","meta":[],"language":[1668,1569],"product_cat":[1475],"product_tag":[1601,1783,1698,1784,1931],"class_list":{"0":"post-17960","1":"product","2":"type-product","3":"status-publish","4":"has-post-thumbnail","6":"language-fr-fr","7":"language-nl-fr","8":"product_cat-bien-etre-emotionnel","9":"product_tag-anxiete","10":"product_tag-bien-etre-emotionnel","11":"product_tag-le-stress-fr","12":"product_tag-prendre-soin-de-soi","13":"product_tag-reflexion-excessive","14":"pa_languages-allemand","15":"pa_languages-francais","16":"pa_languages-neerlandais","18":"entry","19":"has-media","21":"first","22":"instock","23":"purchasable","24":"product-type-variable","25":"has-product-nav","26":"col","27":"span_1_of_4","28":"owp-content-center","29":"owp-thumbs-layout-horizontal","30":"owp-btn-big","31":"owp-tabs-layout-vertical","32":"has-no-thumbnails"},"acf":[],"aioseo_notices":[],"_links":{"self":[{"href":"https:\/\/audiohypnosis.online\/fr\/wp-json\/wp\/v2\/product\/17960","targetHints":{"allow":["GET"]}}],"collection":[{"href":"https:\/\/audiohypnosis.online\/fr\/wp-json\/wp\/v2\/product"}],"about":[{"href":"https:\/\/audiohypnosis.online\/fr\/wp-json\/wp\/v2\/types\/product"}],"replies":[{"embeddable":true,"href":"https:\/\/audiohypnosis.online\/fr\/wp-json\/wp\/v2\/comments?post=17960"}],"version-history":[{"count":0,"href":"https:\/\/audiohypnosis.online\/fr\/wp-json\/wp\/v2\/product\/17960\/revisions"}],"wp:featuredmedia":[{"embeddable":true,"href":"https:\/\/audiohypnosis.online\/fr\/wp-json\/wp\/v2\/media\/14158"}],"wp:attachment":[{"href":"https:\/\/audiohypnosis.online\/fr\/wp-json\/wp\/v2\/media?parent=17960"}],"wp:term":[{"taxonomy":"language","embeddable":true,"href":"https:\/\/audiohypnosis.online\/fr\/wp-json\/wp\/v2\/language?post=17960"},{"taxonomy":"product_cat","embeddable":true,"href":"https:\/\/audiohypnosis.online\/fr\/wp-json\/wp\/v2\/product_cat?post=17960"},{"taxonomy":"product_tag","embeddable":true,"href":"https:\/\/audiohypnosis.online\/fr\/wp-json\/wp\/v2\/product_tag?post=17960"}],"curies":[{"name":"wp","href":"https:\/\/api.w.org\/{rel}","templated":true}]}}