{"id":17749,"date":"2023-10-14T09:09:09","date_gmt":"2023-10-14T07:09:09","guid":{"rendered":"http:\/\/audiohypnosis.online\/product\/letat-desprit-du-gagnant\/"},"modified":"2023-11-17T11:22:17","modified_gmt":"2023-11-17T10:22:17","slug":"l-etat-d-esprit-du-gagnant","status":"publish","type":"product","link":"https:\/\/audiohypnosis.online\/fr\/produit\/l-etat-d-esprit-du-gagnant\/","title":{"rendered":"L&#8217;\u00e9tat d&#8217;esprit du gagnant"},"content":{"rendered":"<p>Entamez votre voyage de transformation avec notre MP3 d&#8217;Hypnose &#8216;Esprit de Gagnant&#8217;.<\/p>\n<p>Cette session audio, \u00e9labor\u00e9e par des experts, est con\u00e7ue pour remodeler vos sch\u00e9mas de pens\u00e9e, en favorisant une confiance in\u00e9branlable et un \u00e9tat d&#8217;esprit ax\u00e9 sur le succ\u00e8s.<\/p>\n<p>Id\u00e9al pour tous ceux qui cherchent \u00e0 surmonter les blocages mentaux et \u00e0 atteindre leur plein potentiel.<\/p>\n<p>Ce MP3 est votre tremplin vers le succ\u00e8s personnel et professionnel. Exp\u00e9rimentez le pouvoir du changement positif et commencez d\u00e8s aujourd&#8217;hui \u00e0 r\u00e9aliser vos r\u00eaves !<\/p>\n","protected":false},"excerpt":{"rendered":"<p>A la recherche d&#8217;un \u00e9tat d&#8217;esprit de gagnant ?<\/p>\n","protected":false},"featured_media":14116,"comment_status":"closed","ping_status":"closed","template":"","meta":[],"language":[1632,2093,2100,1668,1569],"product_cat":[1481],"product_tag":[1731,1732,1920,1921,1670],"class_list":{"0":"post-17749","1":"product","2":"type-product","3":"status-publish","4":"has-post-thumbnail","6":"language-de-fr-2","7":"language-en-fr","8":"language-es-fr","9":"language-fr-fr","10":"language-nl-fr","11":"product_cat-auto-amelioration","12":"product_tag-amelioration-de-soi","13":"product_tag-confidence-fr","14":"product_tag-letat-desprit","15":"product_tag-la-reussite","16":"product_tag-motivatie-fr","17":"pa_languages-allemand","18":"pa_languages-anglais","19":"pa_languages-espagnol","20":"pa_languages-francais","21":"pa_languages-hongrois","22":"pa_languages-neerlandais","23":"pa_languages-polonais","24":"pa_languages-portugais-bresil","25":"pa_languages-ukrainien","27":"entry","28":"has-media","30":"first","31":"instock","32":"purchasable","33":"product-type-variable","34":"has-product-nav","35":"col","36":"span_1_of_4","37":"owp-content-center","38":"owp-thumbs-layout-horizontal","39":"owp-btn-big","40":"owp-tabs-layout-vertical","41":"has-no-thumbnails"},"acf":[],"aioseo_notices":[],"_links":{"self":[{"href":"https:\/\/audiohypnosis.online\/fr\/wp-json\/wp\/v2\/product\/17749","targetHints":{"allow":["GET"]}}],"collection":[{"href":"https:\/\/audiohypnosis.online\/fr\/wp-json\/wp\/v2\/product"}],"about":[{"href":"https:\/\/audiohypnosis.online\/fr\/wp-json\/wp\/v2\/types\/product"}],"replies":[{"embeddable":true,"href":"https:\/\/audiohypnosis.online\/fr\/wp-json\/wp\/v2\/comments?post=17749"}],"version-history":[{"count":0,"href":"https:\/\/audiohypnosis.online\/fr\/wp-json\/wp\/v2\/product\/17749\/revisions"}],"wp:featuredmedia":[{"embeddable":true,"href":"https:\/\/audiohypnosis.online\/fr\/wp-json\/wp\/v2\/media\/14116"}],"wp:attachment":[{"href":"https:\/\/audiohypnosis.online\/fr\/wp-json\/wp\/v2\/media?parent=17749"}],"wp:term":[{"taxonomy":"language","embeddable":true,"href":"https:\/\/audiohypnosis.online\/fr\/wp-json\/wp\/v2\/language?post=17749"},{"taxonomy":"product_cat","embeddable":true,"href":"https:\/\/audiohypnosis.online\/fr\/wp-json\/wp\/v2\/product_cat?post=17749"},{"taxonomy":"product_tag","embeddable":true,"href":"https:\/\/audiohypnosis.online\/fr\/wp-json\/wp\/v2\/product_tag?post=17749"}],"curies":[{"name":"wp","href":"https:\/\/api.w.org\/{rel}","templated":true}]}}