{"id":17505,"date":"2023-10-14T09:09:09","date_gmt":"2023-10-14T07:09:09","guid":{"rendered":"http:\/\/audiohypnosis.online\/product\/se-ronger-les-ongles\/"},"modified":"2023-10-14T09:09:09","modified_gmt":"2023-10-14T07:09:09","slug":"ronger-les-ongles","status":"publish","type":"product","link":"https:\/\/audiohypnosis.online\/fr\/produit\/ronger-les-ongles\/","title":{"rendered":"Se ronger les ongles"},"content":{"rendered":"<p>Vous voulez arr\u00eater de vous ronger les ongles ? Nos MP3 d&#8217;hypnose audio peuvent vous aider \u00e0 contr\u00f4ler cette habitude. Vous aurez acc\u00e8s \u00e0 6 fichiers audio t\u00e9l\u00e9chargeables et \u00e0 un manuel de pratiques efficaces.<\/p>\n","protected":false},"excerpt":{"rendered":"<p>Vous aimeriez arr\u00eater de vous ronger les ongles ?<\/p>\n","protected":false},"featured_media":14134,"comment_status":"closed","ping_status":"closed","template":"","meta":[],"language":[2093,1569],"product_cat":[1473],"product_tag":[1634,3493,1908,1699,1909],"class_list":{"0":"post-17505","1":"product","2":"type-product","3":"status-publish","4":"has-post-thumbnail","6":"language-en-fr","7":"language-nl-fr","8":"product_cat-mauvaises-habitudes","9":"product_tag-bien-etre","10":"product_tag-gesundheit-fr","11":"product_tag-habitude","12":"product_tag-maitrise-de-soi-fr","13":"product_tag-se-ronger-les-ongles","14":"pa_languages-anglais","15":"pa_languages-neerlandais","16":"pa_languages-ukrainien","18":"entry","19":"has-media","21":"first","22":"instock","23":"purchasable","24":"product-type-variable","25":"has-product-nav","26":"col","27":"span_1_of_4","28":"owp-content-center","29":"owp-thumbs-layout-horizontal","30":"owp-btn-big","31":"owp-tabs-layout-vertical","32":"has-no-thumbnails"},"acf":[],"aioseo_notices":[],"_links":{"self":[{"href":"https:\/\/audiohypnosis.online\/fr\/wp-json\/wp\/v2\/product\/17505","targetHints":{"allow":["GET"]}}],"collection":[{"href":"https:\/\/audiohypnosis.online\/fr\/wp-json\/wp\/v2\/product"}],"about":[{"href":"https:\/\/audiohypnosis.online\/fr\/wp-json\/wp\/v2\/types\/product"}],"replies":[{"embeddable":true,"href":"https:\/\/audiohypnosis.online\/fr\/wp-json\/wp\/v2\/comments?post=17505"}],"version-history":[{"count":0,"href":"https:\/\/audiohypnosis.online\/fr\/wp-json\/wp\/v2\/product\/17505\/revisions"}],"wp:featuredmedia":[{"embeddable":true,"href":"https:\/\/audiohypnosis.online\/fr\/wp-json\/wp\/v2\/media\/14134"}],"wp:attachment":[{"href":"https:\/\/audiohypnosis.online\/fr\/wp-json\/wp\/v2\/media?parent=17505"}],"wp:term":[{"taxonomy":"language","embeddable":true,"href":"https:\/\/audiohypnosis.online\/fr\/wp-json\/wp\/v2\/language?post=17505"},{"taxonomy":"product_cat","embeddable":true,"href":"https:\/\/audiohypnosis.online\/fr\/wp-json\/wp\/v2\/product_cat?post=17505"},{"taxonomy":"product_tag","embeddable":true,"href":"https:\/\/audiohypnosis.online\/fr\/wp-json\/wp\/v2\/product_tag?post=17505"}],"curies":[{"name":"wp","href":"https:\/\/api.w.org\/{rel}","templated":true}]}}