{"id":17364,"date":"2023-10-14T09:09:13","date_gmt":"2023-10-14T07:09:13","guid":{"rendered":"http:\/\/audiohypnosis.online\/product\/attaques-de-panique\/"},"modified":"2023-10-14T09:09:13","modified_gmt":"2023-10-14T07:09:13","slug":"attaques-de-panique","status":"publish","type":"product","link":"https:\/\/audiohypnosis.online\/fr\/produit\/attaques-de-panique\/","title":{"rendered":"Attaques de panique"},"content":{"rendered":"<p>Vous souffrez d&#8217;attaques de panique ? Nos audios hypnoses sont ax\u00e9es sur le soulagement du stress et le bien-\u00eatre \u00e9motionnel. Vous aurez acc\u00e8s \u00e0 6 fichiers audio t\u00e9l\u00e9chargeables et \u00e0 un manuel pour vous guider vers une vie plus calme.<\/p>\n","protected":false},"excerpt":{"rendered":"<p>Souffrez-vous de crises de panique ?<\/p>\n","protected":false},"featured_media":14152,"comment_status":"closed","ping_status":"closed","template":"","meta":[],"language":[1668,1569],"product_cat":[1476],"product_tag":[1601,1783,1698,1902,1679],"class_list":{"0":"post-17364","1":"product","2":"type-product","3":"status-publish","4":"has-post-thumbnail","6":"language-fr-fr","7":"language-nl-fr","8":"product_cat-peurs-et-phobies","9":"product_tag-anxiete","10":"product_tag-bien-etre-emotionnel","11":"product_tag-le-stress-fr","12":"product_tag-panique","13":"product_tag-soulagement","14":"pa_languages-francais","15":"pa_languages-neerlandais","17":"entry","18":"has-media","20":"first","21":"instock","22":"purchasable","23":"product-type-variable","24":"has-product-nav","25":"col","26":"span_1_of_4","27":"owp-content-center","28":"owp-thumbs-layout-horizontal","29":"owp-btn-big","30":"owp-tabs-layout-vertical","31":"has-no-thumbnails"},"acf":[],"aioseo_notices":[],"_links":{"self":[{"href":"https:\/\/audiohypnosis.online\/fr\/wp-json\/wp\/v2\/product\/17364","targetHints":{"allow":["GET"]}}],"collection":[{"href":"https:\/\/audiohypnosis.online\/fr\/wp-json\/wp\/v2\/product"}],"about":[{"href":"https:\/\/audiohypnosis.online\/fr\/wp-json\/wp\/v2\/types\/product"}],"replies":[{"embeddable":true,"href":"https:\/\/audiohypnosis.online\/fr\/wp-json\/wp\/v2\/comments?post=17364"}],"version-history":[{"count":0,"href":"https:\/\/audiohypnosis.online\/fr\/wp-json\/wp\/v2\/product\/17364\/revisions"}],"wp:featuredmedia":[{"embeddable":true,"href":"https:\/\/audiohypnosis.online\/fr\/wp-json\/wp\/v2\/media\/14152"}],"wp:attachment":[{"href":"https:\/\/audiohypnosis.online\/fr\/wp-json\/wp\/v2\/media?parent=17364"}],"wp:term":[{"taxonomy":"language","embeddable":true,"href":"https:\/\/audiohypnosis.online\/fr\/wp-json\/wp\/v2\/language?post=17364"},{"taxonomy":"product_cat","embeddable":true,"href":"https:\/\/audiohypnosis.online\/fr\/wp-json\/wp\/v2\/product_cat?post=17364"},{"taxonomy":"product_tag","embeddable":true,"href":"https:\/\/audiohypnosis.online\/fr\/wp-json\/wp\/v2\/product_tag?post=17364"}],"curies":[{"name":"wp","href":"https:\/\/api.w.org\/{rel}","templated":true}]}}