{"id":172571,"date":"2025-03-14T17:02:22","date_gmt":"2025-03-14T16:02:22","guid":{"rendered":"https:\/\/audiohypnosis.online\/?post_type=product&#038;p=172571"},"modified":"2025-03-14T17:10:18","modified_gmt":"2025-03-14T16:10:18","slug":"arreter-de-fumer","status":"publish","type":"product","link":"https:\/\/audiohypnosis.online\/fr\/produit\/arreter-de-fumer\/","title":{"rendered":"Arr\u00eater de fumer"},"content":{"rendered":"<p>Es-tu pr\u00eat(e) \u00e0 arr\u00eater de fumer pour toujours ?<\/p>\n<p>Nous savons \u00e0 quel point cela peut \u00eatre difficile. Peut-\u00eatre as-tu d\u00e9j\u00e0 essay\u00e9 diff\u00e9rentes m\u00e9thodes pour arr\u00eater de fumer, mais \u00e0 chaque fois, tu retombes dans tes anciennes habitudes. Cette envie irr\u00e9sistible, ce manque, et ces sympt\u00f4mes de sevrage aga\u00e7ants rendent ce d\u00e9fi presque impossible \u00e0 surmonter.<\/p>\n<p>Mais imagine un instant que tu puisses dire d\u00e9finitivement \u00e0 ces cigarettes : \u00ab Non, merci, je suis non-fumeur. \u00bb Pas de rechutes, pas de sentiment de manque, et absolument aucun sympt\u00f4me de sevrage. Pense \u00e0 la libert\u00e9, aux b\u00e9n\u00e9fices pour ta sant\u00e9, et \u00e0 l\u2019argent que tu \u00e9conomiseras !<\/p>\n<p>C\u2019est exactement ce que notre MP3 d\u2019hypnose pour Arr\u00eater de Fumer peut t\u2019offrir. Nos sessions, enregistr\u00e9es par des hypnoth\u00e9rapeutes certifi\u00e9s, sont sp\u00e9cialement con\u00e7ues pour reprogrammer ton subconscient. Nous te transformons d\u2019un fumeur en un fier non-fumeur.<\/p>\n<p>Ton subconscient joue un r\u00f4le crucial dans tes habitudes de fumer. Nos MP3 ciblent cet aspect en utilisant des suggestions qui t\u2019aident \u00e0 percevoir l\u2019id\u00e9e de fumer comme \u00e9trang\u00e8re et ind\u00e9sirable. Tu constateras que m\u00eame penser \u00e0 une cigarette deviendra absurde.<\/p>\n<p>Fais d\u00e8s maintenant le choix d\u2019une vie plus saine. Deviens un non-fumeur durable, sans envie, sans manque, et sans regrets. Plus de rechutes. Tu m\u00e9rites une vie lib\u00e9r\u00e9e de la fum\u00e9e, et nous sommes l\u00e0 pour t\u2019y aider.<\/p>\n","protected":false},"excerpt":{"rendered":"<p>D\u00e9couvrez la cl\u00e9 pour arr\u00eater de fumer avec succ\u00e8s !<br data-start=\"52\" data-end=\"55\" \/>Vous aspirez \u00e0 la libert\u00e9 loin des cigarettes ? \u2728<br data-start=\"104\" data-end=\"107\" \/>Notre MP3 d&#8217;hypnose vous propose une nouvelle m\u00e9thode efficace pour arr\u00eater de fumer !<\/p>\n","protected":false},"featured_media":151887,"comment_status":"closed","ping_status":"closed","template":"","meta":[],"language":[2093,1668,3062,1569],"product_cat":[1472],"product_tag":[],"class_list":{"0":"post-172571","1":"product","2":"type-product","3":"status-publish","4":"has-post-thumbnail","6":"language-en-fr","7":"language-fr-fr","8":"language-it-fr","9":"language-nl-fr","10":"product_cat-addictions-fr","11":"pa_languages-anglais","12":"pa_languages-francais","13":"pa_languages-italien","14":"pa_languages-neerlandais","15":"pa_languages-portugais-bresil","17":"entry","18":"has-media","20":"first","21":"instock","22":"shipping-taxable","23":"purchasable","24":"product-type-variable","25":"has-product-nav","26":"col","27":"span_1_of_4","28":"owp-content-center","29":"owp-thumbs-layout-horizontal","30":"owp-btn-big","31":"owp-tabs-layout-vertical","32":"has-no-thumbnails"},"acf":[],"aioseo_notices":[],"_links":{"self":[{"href":"https:\/\/audiohypnosis.online\/fr\/wp-json\/wp\/v2\/product\/172571","targetHints":{"allow":["GET"]}}],"collection":[{"href":"https:\/\/audiohypnosis.online\/fr\/wp-json\/wp\/v2\/product"}],"about":[{"href":"https:\/\/audiohypnosis.online\/fr\/wp-json\/wp\/v2\/types\/product"}],"replies":[{"embeddable":true,"href":"https:\/\/audiohypnosis.online\/fr\/wp-json\/wp\/v2\/comments?post=172571"}],"version-history":[{"count":1,"href":"https:\/\/audiohypnosis.online\/fr\/wp-json\/wp\/v2\/product\/172571\/revisions"}],"predecessor-version":[{"id":172577,"href":"https:\/\/audiohypnosis.online\/fr\/wp-json\/wp\/v2\/product\/172571\/revisions\/172577"}],"wp:featuredmedia":[{"embeddable":true,"href":"https:\/\/audiohypnosis.online\/fr\/wp-json\/wp\/v2\/media\/151887"}],"wp:attachment":[{"href":"https:\/\/audiohypnosis.online\/fr\/wp-json\/wp\/v2\/media?parent=172571"}],"wp:term":[{"taxonomy":"language","embeddable":true,"href":"https:\/\/audiohypnosis.online\/fr\/wp-json\/wp\/v2\/language?post=172571"},{"taxonomy":"product_cat","embeddable":true,"href":"https:\/\/audiohypnosis.online\/fr\/wp-json\/wp\/v2\/product_cat?post=172571"},{"taxonomy":"product_tag","embeddable":true,"href":"https:\/\/audiohypnosis.online\/fr\/wp-json\/wp\/v2\/product_tag?post=172571"}],"curies":[{"name":"wp","href":"https:\/\/api.w.org\/{rel}","templated":true}]}}