{"id":17224,"date":"2023-10-14T09:09:13","date_gmt":"2023-10-14T07:09:13","guid":{"rendered":"http:\/\/audiohypnosis.online\/product\/image-de-soi-positive\/"},"modified":"2023-10-14T09:09:13","modified_gmt":"2023-10-14T07:09:13","slug":"estime-de-soi-positive","status":"publish","type":"product","link":"https:\/\/audiohypnosis.online\/fr\/produit\/estime-de-soi-positive\/","title":{"rendered":"Image de soi positive"},"content":{"rendered":"<p>Vous cherchez \u00e0 am\u00e9liorer votre image de soi ? Nos s\u00e9ances d&#8217;hypnose audio vous offrent la possibilit\u00e9 d&#8217;am\u00e9liorer votre amour de soi et votre confiance en vous. Vous aurez acc\u00e8s \u00e0 6 fichiers audio t\u00e9l\u00e9chargeables et \u00e0 un manuel de bonnes pratiques.<\/p>\n","protected":false},"excerpt":{"rendered":"<p>Vous souhaitez am\u00e9liorer votre image de soi ?<\/p>\n","protected":false},"featured_media":14140,"comment_status":"closed","ping_status":"closed","template":"","meta":[],"language":[1668,1569],"product_cat":[1481],"product_tag":[1731,1783,1732,1876,1877],"class_list":{"0":"post-17224","1":"product","2":"type-product","3":"status-publish","4":"has-post-thumbnail","6":"language-fr-fr","7":"language-nl-fr","8":"product_cat-auto-amelioration","9":"product_tag-amelioration-de-soi","10":"product_tag-bien-etre-emotionnel","11":"product_tag-confidence-fr","12":"product_tag-estime-de-soi","13":"product_tag-positivite","14":"pa_languages-francais","15":"pa_languages-neerlandais","16":"pa_languages-portugais-bresil","18":"entry","19":"has-media","21":"first","22":"instock","23":"purchasable","24":"product-type-variable","25":"has-product-nav","26":"col","27":"span_1_of_4","28":"owp-content-center","29":"owp-thumbs-layout-horizontal","30":"owp-btn-big","31":"owp-tabs-layout-vertical","32":"has-no-thumbnails"},"acf":[],"aioseo_notices":[],"_links":{"self":[{"href":"https:\/\/audiohypnosis.online\/fr\/wp-json\/wp\/v2\/product\/17224","targetHints":{"allow":["GET"]}}],"collection":[{"href":"https:\/\/audiohypnosis.online\/fr\/wp-json\/wp\/v2\/product"}],"about":[{"href":"https:\/\/audiohypnosis.online\/fr\/wp-json\/wp\/v2\/types\/product"}],"replies":[{"embeddable":true,"href":"https:\/\/audiohypnosis.online\/fr\/wp-json\/wp\/v2\/comments?post=17224"}],"version-history":[{"count":0,"href":"https:\/\/audiohypnosis.online\/fr\/wp-json\/wp\/v2\/product\/17224\/revisions"}],"wp:featuredmedia":[{"embeddable":true,"href":"https:\/\/audiohypnosis.online\/fr\/wp-json\/wp\/v2\/media\/14140"}],"wp:attachment":[{"href":"https:\/\/audiohypnosis.online\/fr\/wp-json\/wp\/v2\/media?parent=17224"}],"wp:term":[{"taxonomy":"language","embeddable":true,"href":"https:\/\/audiohypnosis.online\/fr\/wp-json\/wp\/v2\/language?post=17224"},{"taxonomy":"product_cat","embeddable":true,"href":"https:\/\/audiohypnosis.online\/fr\/wp-json\/wp\/v2\/product_cat?post=17224"},{"taxonomy":"product_tag","embeddable":true,"href":"https:\/\/audiohypnosis.online\/fr\/wp-json\/wp\/v2\/product_tag?post=17224"}],"curies":[{"name":"wp","href":"https:\/\/api.w.org\/{rel}","templated":true}]}}