{"id":17172,"date":"2023-10-14T09:09:13","date_gmt":"2023-10-14T07:09:13","guid":{"rendered":"http:\/\/audiohypnosis.online\/product\/productivite\/"},"modified":"2023-10-14T09:09:13","modified_gmt":"2023-10-14T07:09:13","slug":"productivite","status":"publish","type":"product","link":"https:\/\/audiohypnosis.online\/fr\/produit\/productivite\/","title":{"rendered":"Productivit\u00e9"},"content":{"rendered":"<p>Besoin d&#8217;un coup de pouce pour votre productivit\u00e9 ? Nos MP3 d&#8217;hypnose audio peuvent vous aider \u00e0 vous concentrer et \u00e0 \u00eatre plus efficace dans vos t\u00e2ches. L&#8217;ensemble comprend 6 fichiers audio diff\u00e9rents et un manuel pour vous guider vers une meilleure productivit\u00e9.<\/p>\n","protected":false},"excerpt":{"rendered":"<p>Besoin d&#8217;un coup de pouce pour votre productivit\u00e9 ?<\/p>\n","protected":false},"featured_media":14176,"comment_status":"closed","ping_status":"closed","template":"","meta":[],"language":[1632,2093,2100,1668,1569],"product_cat":[1481],"product_tag":[1731,1856,1854,1841,1855],"class_list":{"0":"post-17172","1":"product","2":"type-product","3":"status-publish","4":"has-post-thumbnail","6":"language-de-fr-2","7":"language-en-fr","8":"language-es-fr","9":"language-fr-fr","10":"language-nl-fr","11":"product_cat-auto-amelioration","12":"product_tag-amelioration-de-soi","13":"product_tag-efficacite","14":"product_tag-productivite","15":"product_tag-se-concentrer","16":"product_tag-travail","17":"pa_languages-allemand","18":"pa_languages-anglais","19":"pa_languages-espagnol","20":"pa_languages-francais","21":"pa_languages-neerlandais","22":"pa_languages-portugais-bresil","23":"pa_languages-serbe","24":"pa_languages-ukrainien","26":"entry","27":"has-media","29":"first","30":"instock","31":"sale","32":"purchasable","33":"product-type-variable","34":"has-product-nav","35":"col","36":"span_1_of_4","37":"owp-content-center","38":"owp-thumbs-layout-horizontal","39":"owp-btn-big","40":"owp-tabs-layout-vertical","41":"has-no-thumbnails"},"acf":[],"aioseo_notices":[],"_links":{"self":[{"href":"https:\/\/audiohypnosis.online\/fr\/wp-json\/wp\/v2\/product\/17172","targetHints":{"allow":["GET"]}}],"collection":[{"href":"https:\/\/audiohypnosis.online\/fr\/wp-json\/wp\/v2\/product"}],"about":[{"href":"https:\/\/audiohypnosis.online\/fr\/wp-json\/wp\/v2\/types\/product"}],"replies":[{"embeddable":true,"href":"https:\/\/audiohypnosis.online\/fr\/wp-json\/wp\/v2\/comments?post=17172"}],"version-history":[{"count":0,"href":"https:\/\/audiohypnosis.online\/fr\/wp-json\/wp\/v2\/product\/17172\/revisions"}],"wp:featuredmedia":[{"embeddable":true,"href":"https:\/\/audiohypnosis.online\/fr\/wp-json\/wp\/v2\/media\/14176"}],"wp:attachment":[{"href":"https:\/\/audiohypnosis.online\/fr\/wp-json\/wp\/v2\/media?parent=17172"}],"wp:term":[{"taxonomy":"language","embeddable":true,"href":"https:\/\/audiohypnosis.online\/fr\/wp-json\/wp\/v2\/language?post=17172"},{"taxonomy":"product_cat","embeddable":true,"href":"https:\/\/audiohypnosis.online\/fr\/wp-json\/wp\/v2\/product_cat?post=17172"},{"taxonomy":"product_tag","embeddable":true,"href":"https:\/\/audiohypnosis.online\/fr\/wp-json\/wp\/v2\/product_tag?post=17172"}],"curies":[{"name":"wp","href":"https:\/\/api.w.org\/{rel}","templated":true}]}}