{"id":171575,"date":"2024-04-04T16:40:23","date_gmt":"2024-04-04T14:40:23","guid":{"rendered":"https:\/\/audiohypnosis.online\/?post_type=product&#038;p=171575"},"modified":"2024-06-05T11:58:24","modified_gmt":"2024-06-05T09:58:24","slug":"reduire-les-drogues","status":"publish","type":"product","link":"https:\/\/audiohypnosis.online\/fr\/produit\/reduire-les-drogues\/","title":{"rendered":"R\u00e9duire les drogues"},"content":{"rendered":"<p>Commencez votre parcours vers un mode de vie plus sain avec nos MP3 d&#8217;hypnose audio. Vous obtiendrez six pistes audio et un manuel d\u00e9taill\u00e9 pour une utilisation efficace.<\/p>\n","protected":false},"excerpt":{"rendered":"<p>Prenez le contr\u00f4le de vos choix et abordez chaque jour avec une d\u00e9termination et une \u00e9nergie renouvel\u00e9es pour cr\u00e9er un changement positif.<\/p>\n","protected":false},"featured_media":168891,"comment_status":"closed","ping_status":"closed","template":"","meta":[],"language":[1632],"product_cat":[1472],"product_tag":[1785,1920],"class_list":{"0":"post-171575","1":"product","2":"type-product","3":"status-publish","4":"has-post-thumbnail","6":"language-de-fr-2","7":"product_cat-addictions-fr","8":"product_tag-guerison","9":"product_tag-letat-desprit","10":"pa_languages-allemand","12":"entry","13":"has-media","15":"first","16":"instock","17":"shipping-taxable","18":"purchasable","19":"product-type-variable","20":"has-product-nav","21":"col","22":"span_1_of_4","23":"owp-content-center","24":"owp-thumbs-layout-horizontal","25":"owp-btn-big","26":"owp-tabs-layout-vertical","27":"has-no-thumbnails"},"acf":[],"aioseo_notices":[],"_links":{"self":[{"href":"https:\/\/audiohypnosis.online\/fr\/wp-json\/wp\/v2\/product\/171575","targetHints":{"allow":["GET"]}}],"collection":[{"href":"https:\/\/audiohypnosis.online\/fr\/wp-json\/wp\/v2\/product"}],"about":[{"href":"https:\/\/audiohypnosis.online\/fr\/wp-json\/wp\/v2\/types\/product"}],"replies":[{"embeddable":true,"href":"https:\/\/audiohypnosis.online\/fr\/wp-json\/wp\/v2\/comments?post=171575"}],"version-history":[{"count":1,"href":"https:\/\/audiohypnosis.online\/fr\/wp-json\/wp\/v2\/product\/171575\/revisions"}],"predecessor-version":[{"id":171577,"href":"https:\/\/audiohypnosis.online\/fr\/wp-json\/wp\/v2\/product\/171575\/revisions\/171577"}],"wp:featuredmedia":[{"embeddable":true,"href":"https:\/\/audiohypnosis.online\/fr\/wp-json\/wp\/v2\/media\/168891"}],"wp:attachment":[{"href":"https:\/\/audiohypnosis.online\/fr\/wp-json\/wp\/v2\/media?parent=171575"}],"wp:term":[{"taxonomy":"language","embeddable":true,"href":"https:\/\/audiohypnosis.online\/fr\/wp-json\/wp\/v2\/language?post=171575"},{"taxonomy":"product_cat","embeddable":true,"href":"https:\/\/audiohypnosis.online\/fr\/wp-json\/wp\/v2\/product_cat?post=171575"},{"taxonomy":"product_tag","embeddable":true,"href":"https:\/\/audiohypnosis.online\/fr\/wp-json\/wp\/v2\/product_tag?post=171575"}],"curies":[{"name":"wp","href":"https:\/\/api.w.org\/{rel}","templated":true}]}}