{"id":171530,"date":"2024-04-04T17:33:14","date_gmt":"2024-04-04T15:33:14","guid":{"rendered":"https:\/\/audiohypnosis.online\/?post_type=product&#038;p=171530"},"modified":"2024-05-30T12:44:16","modified_gmt":"2024-05-30T10:44:16","slug":"gerer-le-stress-lie-au-travail","status":"publish","type":"product","link":"https:\/\/audiohypnosis.online\/fr\/produit\/gerer-le-stress-lie-au-travail\/","title":{"rendered":"G\u00e9rer le stress li\u00e9 au travail"},"content":{"rendered":"<p>Plongez dans nos MP3 d&#8217;hypnose audio con\u00e7us pour aider \u00e0 g\u00e9rer le stress au travail. Ce paquet comprend six MP3 audio et un manuel d&#8217;application pratique.<\/p>\n","protected":false},"excerpt":{"rendered":"<p>Affrontez chaque journ\u00e9e de travail avec une d\u00e9termination et une \u00e9nergie renouvel\u00e9es.<\/p>\n","protected":false},"featured_media":168863,"comment_status":"closed","ping_status":"closed","template":"","meta":[],"language":[1632],"product_cat":[1475],"product_tag":[1920],"class_list":{"0":"post-171530","1":"product","2":"type-product","3":"status-publish","4":"has-post-thumbnail","6":"language-de-fr-2","7":"product_cat-bien-etre-emotionnel","8":"product_tag-letat-desprit","9":"pa_languages-allemand","11":"entry","12":"has-media","14":"first","15":"instock","16":"shipping-taxable","17":"purchasable","18":"product-type-variable","19":"has-product-nav","20":"col","21":"span_1_of_4","22":"owp-content-center","23":"owp-thumbs-layout-horizontal","24":"owp-btn-big","25":"owp-tabs-layout-vertical","26":"has-no-thumbnails"},"acf":[],"aioseo_notices":[],"_links":{"self":[{"href":"https:\/\/audiohypnosis.online\/fr\/wp-json\/wp\/v2\/product\/171530","targetHints":{"allow":["GET"]}}],"collection":[{"href":"https:\/\/audiohypnosis.online\/fr\/wp-json\/wp\/v2\/product"}],"about":[{"href":"https:\/\/audiohypnosis.online\/fr\/wp-json\/wp\/v2\/types\/product"}],"replies":[{"embeddable":true,"href":"https:\/\/audiohypnosis.online\/fr\/wp-json\/wp\/v2\/comments?post=171530"}],"version-history":[{"count":1,"href":"https:\/\/audiohypnosis.online\/fr\/wp-json\/wp\/v2\/product\/171530\/revisions"}],"predecessor-version":[{"id":171532,"href":"https:\/\/audiohypnosis.online\/fr\/wp-json\/wp\/v2\/product\/171530\/revisions\/171532"}],"wp:featuredmedia":[{"embeddable":true,"href":"https:\/\/audiohypnosis.online\/fr\/wp-json\/wp\/v2\/media\/168863"}],"wp:attachment":[{"href":"https:\/\/audiohypnosis.online\/fr\/wp-json\/wp\/v2\/media?parent=171530"}],"wp:term":[{"taxonomy":"language","embeddable":true,"href":"https:\/\/audiohypnosis.online\/fr\/wp-json\/wp\/v2\/language?post=171530"},{"taxonomy":"product_cat","embeddable":true,"href":"https:\/\/audiohypnosis.online\/fr\/wp-json\/wp\/v2\/product_cat?post=171530"},{"taxonomy":"product_tag","embeddable":true,"href":"https:\/\/audiohypnosis.online\/fr\/wp-json\/wp\/v2\/product_tag?post=171530"}],"curies":[{"name":"wp","href":"https:\/\/api.w.org\/{rel}","templated":true}]}}