{"id":171492,"date":"2024-04-04T13:08:33","date_gmt":"2024-04-04T11:08:33","guid":{"rendered":"https:\/\/audiohypnosis.online\/?post_type=product&#038;p=171492"},"modified":"2024-05-30T12:11:12","modified_gmt":"2024-05-30T10:11:12","slug":"arretez-labus-de-drogues-completement","status":"publish","type":"product","link":"https:\/\/audiohypnosis.online\/fr\/produit\/arretez-labus-de-drogues-completement\/","title":{"rendered":"Arr\u00eatez l&#8217;abus de drogues (Compl\u00e8tement)"},"content":{"rendered":"<p>Plongez dans notre assortiment de MP3 d&#8217;hypnose audio con\u00e7us pour vous aider \u00e0 vous lib\u00e9rer totalement de l&#8217;usage des drogues. D\u00e9butez votre chemin vers la sobri\u00e9t\u00e9 avec notre pack de 6 pistes audio et un manuel d&#8217;utilisation efficace.<\/p>\n","protected":false},"excerpt":{"rendered":"<p>Surmontez la d\u00e9pendance et adoptez un mode de vie plus sain, sans drogues.<\/p>\n","protected":false},"featured_media":168905,"comment_status":"closed","ping_status":"closed","template":"","meta":[],"language":[1632],"product_cat":[1472],"product_tag":[1920],"class_list":{"0":"post-171492","1":"product","2":"type-product","3":"status-publish","4":"has-post-thumbnail","6":"language-de-fr-2","7":"product_cat-addictions-fr","8":"product_tag-letat-desprit","9":"pa_languages-allemand","11":"entry","12":"has-media","14":"first","15":"instock","16":"shipping-taxable","17":"purchasable","18":"product-type-variable","19":"has-product-nav","20":"col","21":"span_1_of_4","22":"owp-content-center","23":"owp-thumbs-layout-horizontal","24":"owp-btn-big","25":"owp-tabs-layout-vertical","26":"has-no-thumbnails"},"acf":[],"aioseo_notices":[],"_links":{"self":[{"href":"https:\/\/audiohypnosis.online\/fr\/wp-json\/wp\/v2\/product\/171492","targetHints":{"allow":["GET"]}}],"collection":[{"href":"https:\/\/audiohypnosis.online\/fr\/wp-json\/wp\/v2\/product"}],"about":[{"href":"https:\/\/audiohypnosis.online\/fr\/wp-json\/wp\/v2\/types\/product"}],"replies":[{"embeddable":true,"href":"https:\/\/audiohypnosis.online\/fr\/wp-json\/wp\/v2\/comments?post=171492"}],"version-history":[{"count":1,"href":"https:\/\/audiohypnosis.online\/fr\/wp-json\/wp\/v2\/product\/171492\/revisions"}],"predecessor-version":[{"id":171494,"href":"https:\/\/audiohypnosis.online\/fr\/wp-json\/wp\/v2\/product\/171492\/revisions\/171494"}],"wp:featuredmedia":[{"embeddable":true,"href":"https:\/\/audiohypnosis.online\/fr\/wp-json\/wp\/v2\/media\/168905"}],"wp:attachment":[{"href":"https:\/\/audiohypnosis.online\/fr\/wp-json\/wp\/v2\/media?parent=171492"}],"wp:term":[{"taxonomy":"language","embeddable":true,"href":"https:\/\/audiohypnosis.online\/fr\/wp-json\/wp\/v2\/language?post=171492"},{"taxonomy":"product_cat","embeddable":true,"href":"https:\/\/audiohypnosis.online\/fr\/wp-json\/wp\/v2\/product_cat?post=171492"},{"taxonomy":"product_tag","embeddable":true,"href":"https:\/\/audiohypnosis.online\/fr\/wp-json\/wp\/v2\/product_tag?post=171492"}],"curies":[{"name":"wp","href":"https:\/\/api.w.org\/{rel}","templated":true}]}}