{"id":171418,"date":"2024-04-04T12:12:02","date_gmt":"2024-04-04T10:12:02","guid":{"rendered":"https:\/\/audiohypnosis.online\/?post_type=product&#038;p=171418"},"modified":"2024-05-18T10:21:53","modified_gmt":"2024-05-18T08:21:53","slug":"devenez-un-entrepreneur-a-succes","status":"publish","type":"product","link":"https:\/\/audiohypnosis.online\/fr\/produit\/devenez-un-entrepreneur-a-succes\/","title":{"rendered":"Devenez un entrepreneur \u00e0 succ\u00e8s"},"content":{"rendered":"<p>D\u00e9couvrez nos MP3 d&#8217;hypnose audio, con\u00e7us pour lib\u00e9rer l&#8217;esprit entrepreneurial. Lancez votre voyage vers le succ\u00e8s avec nos pistes audio et notre manuel d&#8217;utilisation pratique.<\/p>\n","protected":false},"excerpt":{"rendered":"<p>Prenez en main vos ambitions et accueillez chaque jour avec la vigueur et la concentration n\u00e9cessaires pour triompher dans le monde des affaires.<\/p>\n","protected":false},"featured_media":168847,"comment_status":"closed","ping_status":"closed","template":"","meta":[],"language":[1632],"product_cat":[1481],"product_tag":[1920,1670],"class_list":{"0":"post-171418","1":"product","2":"type-product","3":"status-publish","4":"has-post-thumbnail","6":"language-de-fr-2","7":"product_cat-auto-amelioration","8":"product_tag-letat-desprit","9":"product_tag-motivatie-fr","10":"pa_languages-allemand","12":"entry","13":"has-media","15":"first","16":"instock","17":"shipping-taxable","18":"purchasable","19":"product-type-variable","20":"has-product-nav","21":"col","22":"span_1_of_4","23":"owp-content-center","24":"owp-thumbs-layout-horizontal","25":"owp-btn-big","26":"owp-tabs-layout-vertical","27":"has-no-thumbnails"},"acf":[],"aioseo_notices":[],"_links":{"self":[{"href":"https:\/\/audiohypnosis.online\/fr\/wp-json\/wp\/v2\/product\/171418","targetHints":{"allow":["GET"]}}],"collection":[{"href":"https:\/\/audiohypnosis.online\/fr\/wp-json\/wp\/v2\/product"}],"about":[{"href":"https:\/\/audiohypnosis.online\/fr\/wp-json\/wp\/v2\/types\/product"}],"replies":[{"embeddable":true,"href":"https:\/\/audiohypnosis.online\/fr\/wp-json\/wp\/v2\/comments?post=171418"}],"version-history":[{"count":1,"href":"https:\/\/audiohypnosis.online\/fr\/wp-json\/wp\/v2\/product\/171418\/revisions"}],"predecessor-version":[{"id":171420,"href":"https:\/\/audiohypnosis.online\/fr\/wp-json\/wp\/v2\/product\/171418\/revisions\/171420"}],"wp:featuredmedia":[{"embeddable":true,"href":"https:\/\/audiohypnosis.online\/fr\/wp-json\/wp\/v2\/media\/168847"}],"wp:attachment":[{"href":"https:\/\/audiohypnosis.online\/fr\/wp-json\/wp\/v2\/media?parent=171418"}],"wp:term":[{"taxonomy":"language","embeddable":true,"href":"https:\/\/audiohypnosis.online\/fr\/wp-json\/wp\/v2\/language?post=171418"},{"taxonomy":"product_cat","embeddable":true,"href":"https:\/\/audiohypnosis.online\/fr\/wp-json\/wp\/v2\/product_cat?post=171418"},{"taxonomy":"product_tag","embeddable":true,"href":"https:\/\/audiohypnosis.online\/fr\/wp-json\/wp\/v2\/product_tag?post=171418"}],"curies":[{"name":"wp","href":"https:\/\/api.w.org\/{rel}","templated":true}]}}