{"id":171368,"date":"2024-04-04T11:22:11","date_gmt":"2024-04-04T09:22:11","guid":{"rendered":"https:\/\/audiohypnosis.online\/?post_type=product&#038;p=171368"},"modified":"2024-05-03T13:12:51","modified_gmt":"2024-05-03T11:12:51","slug":"arretez-labus-de-medicaments-sur-ordonnance","status":"publish","type":"product","link":"https:\/\/audiohypnosis.online\/fr\/produit\/arretez-labus-de-medicaments-sur-ordonnance\/","title":{"rendered":"Arr\u00eatez l&#8217;abus de m\u00e9dicaments sur ordonnance"},"content":{"rendered":"<p>Commencez votre chemin vers la gu\u00e9rison aujourd&#8217;hui et am\u00e9liorez votre bien-\u00eatre g\u00e9n\u00e9ral avec nos six pistes audio expertement con\u00e7ues et un manuel d\u00e9taill\u00e9 pour une utilisation efficace.<\/p>\n","protected":false},"excerpt":{"rendered":"<p>Commencez d\u00e8s maintenant votre chemin vers la gu\u00e9rison de l&#8217;abus de m\u00e9dicaments sur ordonnance!<\/p>\n","protected":false},"featured_media":168805,"comment_status":"closed","ping_status":"closed","template":"","meta":[],"language":[1632],"product_cat":[1472],"product_tag":[],"class_list":{"0":"post-171368","1":"product","2":"type-product","3":"status-publish","4":"has-post-thumbnail","6":"language-de-fr-2","7":"product_cat-addictions-fr","8":"pa_languages-allemand","10":"entry","11":"has-media","13":"first","14":"instock","15":"shipping-taxable","16":"purchasable","17":"product-type-variable","18":"has-product-nav","19":"col","20":"span_1_of_4","21":"owp-content-center","22":"owp-thumbs-layout-horizontal","23":"owp-btn-big","24":"owp-tabs-layout-vertical","25":"has-no-thumbnails"},"acf":[],"aioseo_notices":[],"_links":{"self":[{"href":"https:\/\/audiohypnosis.online\/fr\/wp-json\/wp\/v2\/product\/171368","targetHints":{"allow":["GET"]}}],"collection":[{"href":"https:\/\/audiohypnosis.online\/fr\/wp-json\/wp\/v2\/product"}],"about":[{"href":"https:\/\/audiohypnosis.online\/fr\/wp-json\/wp\/v2\/types\/product"}],"replies":[{"embeddable":true,"href":"https:\/\/audiohypnosis.online\/fr\/wp-json\/wp\/v2\/comments?post=171368"}],"version-history":[{"count":1,"href":"https:\/\/audiohypnosis.online\/fr\/wp-json\/wp\/v2\/product\/171368\/revisions"}],"predecessor-version":[{"id":171370,"href":"https:\/\/audiohypnosis.online\/fr\/wp-json\/wp\/v2\/product\/171368\/revisions\/171370"}],"wp:featuredmedia":[{"embeddable":true,"href":"https:\/\/audiohypnosis.online\/fr\/wp-json\/wp\/v2\/media\/168805"}],"wp:attachment":[{"href":"https:\/\/audiohypnosis.online\/fr\/wp-json\/wp\/v2\/media?parent=171368"}],"wp:term":[{"taxonomy":"language","embeddable":true,"href":"https:\/\/audiohypnosis.online\/fr\/wp-json\/wp\/v2\/language?post=171368"},{"taxonomy":"product_cat","embeddable":true,"href":"https:\/\/audiohypnosis.online\/fr\/wp-json\/wp\/v2\/product_cat?post=171368"},{"taxonomy":"product_tag","embeddable":true,"href":"https:\/\/audiohypnosis.online\/fr\/wp-json\/wp\/v2\/product_tag?post=171368"}],"curies":[{"name":"wp","href":"https:\/\/api.w.org\/{rel}","templated":true}]}}