{"id":171332,"date":"2024-04-04T11:00:32","date_gmt":"2024-04-04T09:00:32","guid":{"rendered":"https:\/\/audiohypnosis.online\/?post_type=product&#038;p=171332"},"modified":"2024-05-03T12:37:32","modified_gmt":"2024-05-03T10:37:32","slug":"se-reveiller-rafraichi","status":"publish","type":"product","link":"https:\/\/audiohypnosis.online\/fr\/produit\/se-reveiller-rafraichi\/","title":{"rendered":"Se r\u00e9veiller rafra\u00eechi"},"content":{"rendered":"<p>Commencez aujourd&#8217;hui votre chemin vers des nuits paisibles avec notre package complet, comprenant six pistes audio et un manuel d\u00e9taill\u00e9 pour une utilisation efficace.<\/p>\n","protected":false},"excerpt":{"rendered":"<p>Am\u00e9liorez la qualit\u00e9 de votre sommeil et accueillez chaque matin en vous sentant revigor\u00e9 et pr\u00eat \u00e0 conqu\u00e9rir la journ\u00e9e.<\/p>\n","protected":false},"featured_media":168877,"comment_status":"closed","ping_status":"closed","template":"","meta":[],"language":[1632],"product_cat":[1477,1483],"product_tag":[1634,3493],"class_list":{"0":"post-171332","1":"product","2":"type-product","3":"status-publish","4":"has-post-thumbnail","6":"language-de-fr-2","7":"product_cat-sante-et-bien-etre","8":"product_cat-sommeil","9":"product_tag-bien-etre","10":"product_tag-gesundheit-fr","11":"pa_languages-allemand","13":"entry","14":"has-media","16":"first","17":"instock","18":"shipping-taxable","19":"purchasable","20":"product-type-variable","21":"has-product-nav","22":"col","23":"span_1_of_4","24":"owp-content-center","25":"owp-thumbs-layout-horizontal","26":"owp-btn-big","27":"owp-tabs-layout-vertical","28":"has-no-thumbnails"},"acf":[],"aioseo_notices":[],"_links":{"self":[{"href":"https:\/\/audiohypnosis.online\/fr\/wp-json\/wp\/v2\/product\/171332","targetHints":{"allow":["GET"]}}],"collection":[{"href":"https:\/\/audiohypnosis.online\/fr\/wp-json\/wp\/v2\/product"}],"about":[{"href":"https:\/\/audiohypnosis.online\/fr\/wp-json\/wp\/v2\/types\/product"}],"replies":[{"embeddable":true,"href":"https:\/\/audiohypnosis.online\/fr\/wp-json\/wp\/v2\/comments?post=171332"}],"version-history":[{"count":1,"href":"https:\/\/audiohypnosis.online\/fr\/wp-json\/wp\/v2\/product\/171332\/revisions"}],"predecessor-version":[{"id":171334,"href":"https:\/\/audiohypnosis.online\/fr\/wp-json\/wp\/v2\/product\/171332\/revisions\/171334"}],"wp:featuredmedia":[{"embeddable":true,"href":"https:\/\/audiohypnosis.online\/fr\/wp-json\/wp\/v2\/media\/168877"}],"wp:attachment":[{"href":"https:\/\/audiohypnosis.online\/fr\/wp-json\/wp\/v2\/media?parent=171332"}],"wp:term":[{"taxonomy":"language","embeddable":true,"href":"https:\/\/audiohypnosis.online\/fr\/wp-json\/wp\/v2\/language?post=171332"},{"taxonomy":"product_cat","embeddable":true,"href":"https:\/\/audiohypnosis.online\/fr\/wp-json\/wp\/v2\/product_cat?post=171332"},{"taxonomy":"product_tag","embeddable":true,"href":"https:\/\/audiohypnosis.online\/fr\/wp-json\/wp\/v2\/product_tag?post=171332"}],"curies":[{"name":"wp","href":"https:\/\/api.w.org\/{rel}","templated":true}]}}