{"id":171213,"date":"2024-04-03T15:39:59","date_gmt":"2024-04-03T13:39:59","guid":{"rendered":"https:\/\/audiohypnosis.online\/?post_type=product&#038;p=171213"},"modified":"2024-04-25T09:40:54","modified_gmt":"2024-04-25T07:40:54","slug":"somnambulisme","status":"publish","type":"product","link":"https:\/\/audiohypnosis.online\/fr\/produit\/somnambulisme\/","title":{"rendered":"Somnambulisme"},"content":{"rendered":"<p>Commencez aujourd&#8217;hui votre voyage vers des nuits paisibles. Notre pack comprend six pistes audio accompagn\u00e9es d&#8217;un manuel complet, garantissant une intervention efficace.<\/p>\n","protected":false},"excerpt":{"rendered":"<p>Am\u00e9liorez la qualit\u00e9 de votre sommeil et saisissez l&#8217;opportunit\u00e9 de reprendre le contr\u00f4le de vos nuits.<\/p>\n","protected":false},"featured_media":168777,"comment_status":"closed","ping_status":"closed","template":"","meta":[],"language":[1632],"product_cat":[1483],"product_tag":[1634],"class_list":{"0":"post-171213","1":"product","2":"type-product","3":"status-publish","4":"has-post-thumbnail","6":"language-de-fr-2","7":"product_cat-sommeil","8":"product_tag-bien-etre","9":"pa_languages-allemand","11":"entry","12":"has-media","14":"first","15":"instock","16":"shipping-taxable","17":"purchasable","18":"product-type-variable","19":"has-product-nav","20":"col","21":"span_1_of_4","22":"owp-content-center","23":"owp-thumbs-layout-horizontal","24":"owp-btn-big","25":"owp-tabs-layout-vertical","26":"has-no-thumbnails"},"acf":[],"aioseo_notices":[],"_links":{"self":[{"href":"https:\/\/audiohypnosis.online\/fr\/wp-json\/wp\/v2\/product\/171213","targetHints":{"allow":["GET"]}}],"collection":[{"href":"https:\/\/audiohypnosis.online\/fr\/wp-json\/wp\/v2\/product"}],"about":[{"href":"https:\/\/audiohypnosis.online\/fr\/wp-json\/wp\/v2\/types\/product"}],"replies":[{"embeddable":true,"href":"https:\/\/audiohypnosis.online\/fr\/wp-json\/wp\/v2\/comments?post=171213"}],"version-history":[{"count":1,"href":"https:\/\/audiohypnosis.online\/fr\/wp-json\/wp\/v2\/product\/171213\/revisions"}],"predecessor-version":[{"id":171215,"href":"https:\/\/audiohypnosis.online\/fr\/wp-json\/wp\/v2\/product\/171213\/revisions\/171215"}],"wp:featuredmedia":[{"embeddable":true,"href":"https:\/\/audiohypnosis.online\/fr\/wp-json\/wp\/v2\/media\/168777"}],"wp:attachment":[{"href":"https:\/\/audiohypnosis.online\/fr\/wp-json\/wp\/v2\/media?parent=171213"}],"wp:term":[{"taxonomy":"language","embeddable":true,"href":"https:\/\/audiohypnosis.online\/fr\/wp-json\/wp\/v2\/language?post=171213"},{"taxonomy":"product_cat","embeddable":true,"href":"https:\/\/audiohypnosis.online\/fr\/wp-json\/wp\/v2\/product_cat?post=171213"},{"taxonomy":"product_tag","embeddable":true,"href":"https:\/\/audiohypnosis.online\/fr\/wp-json\/wp\/v2\/product_tag?post=171213"}],"curies":[{"name":"wp","href":"https:\/\/api.w.org\/{rel}","templated":true}]}}