{"id":171167,"date":"2024-04-03T15:15:58","date_gmt":"2024-04-03T13:15:58","guid":{"rendered":"https:\/\/audiohypnosis.online\/?post_type=product&#038;p=171167"},"modified":"2024-04-25T09:15:57","modified_gmt":"2024-04-25T07:15:57","slug":"augmentez-votre-charisme","status":"publish","type":"product","link":"https:\/\/audiohypnosis.online\/fr\/produit\/augmentez-votre-charisme\/","title":{"rendered":"Augmentez votre charisme"},"content":{"rendered":"<p>D\u00e9couvrez nos MP3 d&#8217;hypnose audio con\u00e7us pour renforcer votre charisme, amplifier votre pr\u00e9sence et rayonner de confiance. Lancez-vous aujourd&#8217;hui dans le voyage pour d\u00e9bloquer votre charme magn\u00e9tique. Notre package comprend six pistes audio accompagn\u00e9es d&#8217;un manuel complet, garantissant une transformation profonde.<\/p>\n","protected":false},"excerpt":{"rendered":"<p>\u00c9levez votre assurance et saisissez l&#8217;opportunit\u00e9 de d\u00e9passer vos plus hautes attentes.<\/p>\n","protected":false},"featured_media":168819,"comment_status":"closed","ping_status":"closed","template":"","meta":[],"language":[1632,1569],"product_cat":[1481],"product_tag":[],"class_list":{"0":"post-171167","1":"product","2":"type-product","3":"status-publish","4":"has-post-thumbnail","6":"language-de-fr-2","7":"language-nl-fr","8":"product_cat-auto-amelioration","9":"pa_languages-allemand","10":"pa_languages-neerlandais","12":"entry","13":"has-media","15":"first","16":"instock","17":"shipping-taxable","18":"purchasable","19":"product-type-variable","20":"has-product-nav","21":"col","22":"span_1_of_4","23":"owp-content-center","24":"owp-thumbs-layout-horizontal","25":"owp-btn-big","26":"owp-tabs-layout-vertical","27":"has-no-thumbnails"},"acf":[],"aioseo_notices":[],"_links":{"self":[{"href":"https:\/\/audiohypnosis.online\/fr\/wp-json\/wp\/v2\/product\/171167","targetHints":{"allow":["GET"]}}],"collection":[{"href":"https:\/\/audiohypnosis.online\/fr\/wp-json\/wp\/v2\/product"}],"about":[{"href":"https:\/\/audiohypnosis.online\/fr\/wp-json\/wp\/v2\/types\/product"}],"replies":[{"embeddable":true,"href":"https:\/\/audiohypnosis.online\/fr\/wp-json\/wp\/v2\/comments?post=171167"}],"version-history":[{"count":1,"href":"https:\/\/audiohypnosis.online\/fr\/wp-json\/wp\/v2\/product\/171167\/revisions"}],"predecessor-version":[{"id":171170,"href":"https:\/\/audiohypnosis.online\/fr\/wp-json\/wp\/v2\/product\/171167\/revisions\/171170"}],"wp:featuredmedia":[{"embeddable":true,"href":"https:\/\/audiohypnosis.online\/fr\/wp-json\/wp\/v2\/media\/168819"}],"wp:attachment":[{"href":"https:\/\/audiohypnosis.online\/fr\/wp-json\/wp\/v2\/media?parent=171167"}],"wp:term":[{"taxonomy":"language","embeddable":true,"href":"https:\/\/audiohypnosis.online\/fr\/wp-json\/wp\/v2\/language?post=171167"},{"taxonomy":"product_cat","embeddable":true,"href":"https:\/\/audiohypnosis.online\/fr\/wp-json\/wp\/v2\/product_cat?post=171167"},{"taxonomy":"product_tag","embeddable":true,"href":"https:\/\/audiohypnosis.online\/fr\/wp-json\/wp\/v2\/product_tag?post=171167"}],"curies":[{"name":"wp","href":"https:\/\/api.w.org\/{rel}","templated":true}]}}