{"id":171117,"date":"2024-04-03T14:22:44","date_gmt":"2024-04-03T12:22:44","guid":{"rendered":"https:\/\/audiohypnosis.online\/?post_type=product&#038;p=171117"},"modified":"2024-04-23T13:16:20","modified_gmt":"2024-04-23T11:16:20","slug":"gagnez-plus-de-respect-de-soi","status":"publish","type":"product","link":"https:\/\/audiohypnosis.online\/fr\/produit\/gagnez-plus-de-respect-de-soi\/","title":{"rendered":"Gagnez plus de respect de soi"},"content":{"rendered":"<p>Explorez nos MP3 d&#8217;hypnose audio con\u00e7us pour cultiver un plus grand respect de soi, booster la confiance et favoriser l&#8217;autonomisation personnelle. Lancez-vous dans le voyage vers la d\u00e9couverte de soi aujourd&#8217;hui. Notre pack comprend six pistes audio accompagn\u00e9es d&#8217;un manuel d\u00e9taill\u00e9, garantissant une transformation profonde.<\/p>\n","protected":false},"excerpt":{"rendered":"<p>Voulez-vous d\u00e9velopper plus de respect de soi ?<\/p>\n","protected":false},"featured_media":168791,"comment_status":"closed","ping_status":"closed","template":"","meta":[],"language":[1632,1569],"product_cat":[1481],"product_tag":[1921],"class_list":{"0":"post-171117","1":"product","2":"type-product","3":"status-publish","4":"has-post-thumbnail","6":"language-de-fr-2","7":"language-nl-fr","8":"product_cat-auto-amelioration","9":"product_tag-la-reussite","10":"pa_languages-allemand","11":"pa_languages-neerlandais","13":"entry","14":"has-media","16":"first","17":"instock","18":"shipping-taxable","19":"purchasable","20":"product-type-variable","21":"has-product-nav","22":"col","23":"span_1_of_4","24":"owp-content-center","25":"owp-thumbs-layout-horizontal","26":"owp-btn-big","27":"owp-tabs-layout-vertical","28":"has-no-thumbnails"},"acf":[],"aioseo_notices":[],"_links":{"self":[{"href":"https:\/\/audiohypnosis.online\/fr\/wp-json\/wp\/v2\/product\/171117","targetHints":{"allow":["GET"]}}],"collection":[{"href":"https:\/\/audiohypnosis.online\/fr\/wp-json\/wp\/v2\/product"}],"about":[{"href":"https:\/\/audiohypnosis.online\/fr\/wp-json\/wp\/v2\/types\/product"}],"replies":[{"embeddable":true,"href":"https:\/\/audiohypnosis.online\/fr\/wp-json\/wp\/v2\/comments?post=171117"}],"version-history":[{"count":1,"href":"https:\/\/audiohypnosis.online\/fr\/wp-json\/wp\/v2\/product\/171117\/revisions"}],"predecessor-version":[{"id":171120,"href":"https:\/\/audiohypnosis.online\/fr\/wp-json\/wp\/v2\/product\/171117\/revisions\/171120"}],"wp:featuredmedia":[{"embeddable":true,"href":"https:\/\/audiohypnosis.online\/fr\/wp-json\/wp\/v2\/media\/168791"}],"wp:attachment":[{"href":"https:\/\/audiohypnosis.online\/fr\/wp-json\/wp\/v2\/media?parent=171117"}],"wp:term":[{"taxonomy":"language","embeddable":true,"href":"https:\/\/audiohypnosis.online\/fr\/wp-json\/wp\/v2\/language?post=171117"},{"taxonomy":"product_cat","embeddable":true,"href":"https:\/\/audiohypnosis.online\/fr\/wp-json\/wp\/v2\/product_cat?post=171117"},{"taxonomy":"product_tag","embeddable":true,"href":"https:\/\/audiohypnosis.online\/fr\/wp-json\/wp\/v2\/product_tag?post=171117"}],"curies":[{"name":"wp","href":"https:\/\/api.w.org\/{rel}","templated":true}]}}