{"id":171062,"date":"2024-04-03T13:06:25","date_gmt":"2024-04-03T11:06:25","guid":{"rendered":"https:\/\/audiohypnosis.online\/?post_type=product&#038;p=171062"},"modified":"2024-04-19T11:30:41","modified_gmt":"2024-04-19T09:30:41","slug":"epanouissement-sexuel","status":"publish","type":"product","link":"https:\/\/audiohypnosis.online\/fr\/produit\/epanouissement-sexuel\/","title":{"rendered":"\u00c9panouissement sexuel"},"content":{"rendered":"<p>\u00c9levez vos exp\u00e9riences intimes et saisissez l&#8217;opportunit\u00e9 de d\u00e9passer vos d\u00e9sirs les plus fous. Notre package comprend six pistes audio compl\u00e9t\u00e9es par un manuel complet, garantissant une satisfaction maximale.<\/p>\n","protected":false},"excerpt":{"rendered":"<p>Souhaitez-vous obtenir une relation plus agr\u00e9able et une meilleure vie sexuelle?<\/p>\n","protected":false},"featured_media":168833,"comment_status":"closed","ping_status":"closed","template":"","meta":[],"language":[1632,1569],"product_cat":[1482],"product_tag":[2007],"class_list":{"0":"post-171062","1":"product","2":"type-product","3":"status-publish","4":"has-post-thumbnail","6":"language-de-fr-2","7":"language-nl-fr","8":"product_cat-sexualite","9":"product_tag-desir","10":"pa_languages-allemand","11":"pa_languages-neerlandais","13":"entry","14":"has-media","16":"first","17":"instock","18":"shipping-taxable","19":"purchasable","20":"product-type-variable","21":"has-product-nav","22":"col","23":"span_1_of_4","24":"owp-content-center","25":"owp-thumbs-layout-horizontal","26":"owp-btn-big","27":"owp-tabs-layout-vertical","28":"has-no-thumbnails"},"acf":[],"aioseo_notices":[],"_links":{"self":[{"href":"https:\/\/audiohypnosis.online\/fr\/wp-json\/wp\/v2\/product\/171062","targetHints":{"allow":["GET"]}}],"collection":[{"href":"https:\/\/audiohypnosis.online\/fr\/wp-json\/wp\/v2\/product"}],"about":[{"href":"https:\/\/audiohypnosis.online\/fr\/wp-json\/wp\/v2\/types\/product"}],"replies":[{"embeddable":true,"href":"https:\/\/audiohypnosis.online\/fr\/wp-json\/wp\/v2\/comments?post=171062"}],"version-history":[{"count":1,"href":"https:\/\/audiohypnosis.online\/fr\/wp-json\/wp\/v2\/product\/171062\/revisions"}],"predecessor-version":[{"id":171065,"href":"https:\/\/audiohypnosis.online\/fr\/wp-json\/wp\/v2\/product\/171062\/revisions\/171065"}],"wp:featuredmedia":[{"embeddable":true,"href":"https:\/\/audiohypnosis.online\/fr\/wp-json\/wp\/v2\/media\/168833"}],"wp:attachment":[{"href":"https:\/\/audiohypnosis.online\/fr\/wp-json\/wp\/v2\/media?parent=171062"}],"wp:term":[{"taxonomy":"language","embeddable":true,"href":"https:\/\/audiohypnosis.online\/fr\/wp-json\/wp\/v2\/language?post=171062"},{"taxonomy":"product_cat","embeddable":true,"href":"https:\/\/audiohypnosis.online\/fr\/wp-json\/wp\/v2\/product_cat?post=171062"},{"taxonomy":"product_tag","embeddable":true,"href":"https:\/\/audiohypnosis.online\/fr\/wp-json\/wp\/v2\/product_tag?post=171062"}],"curies":[{"name":"wp","href":"https:\/\/api.w.org\/{rel}","templated":true}]}}