{"id":170948,"date":"2024-03-18T13:38:35","date_gmt":"2024-03-18T12:38:35","guid":{"rendered":"https:\/\/audiohypnosis.online\/?post_type=product&#038;p=170948"},"modified":"2024-04-19T10:14:32","modified_gmt":"2024-04-19T08:14:32","slug":"performance-optimale","status":"publish","type":"product","link":"https:\/\/audiohypnosis.online\/fr\/produit\/performance-optimale\/","title":{"rendered":"Performance Optimale"},"content":{"rendered":"<p>Plongez dans notre collection de MP3 d&#8217;hypnose audio con\u00e7us pour am\u00e9liorer votre concentration, vos comp\u00e9tences et votre efficacit\u00e9 globale. Commencez aujourd&#8217;hui votre chemin vers la performance optimale. Notre pack comprend six fichiers audio m\u00e9ticuleusement \u00e9labor\u00e9s accompagn\u00e9s d&#8217;un manuel, garantissant des r\u00e9sultats maximaux.<\/p>\n","protected":false},"excerpt":{"rendered":"<p>\u00c9levez votre performance \u2013 saisissez l&#8217;opportunit\u00e9 de d\u00e9passer vos aspirations.<\/p>\n","protected":false},"featured_media":166151,"comment_status":"closed","ping_status":"closed","template":"","meta":[],"language":[1632,1668,1569],"product_cat":[1481],"product_tag":[],"class_list":{"0":"post-170948","1":"product","2":"type-product","3":"status-publish","4":"has-post-thumbnail","6":"language-de-fr-2","7":"language-fr-fr","8":"language-nl-fr","9":"product_cat-auto-amelioration","10":"pa_languages-allemand","11":"pa_languages-francais","12":"pa_languages-neerlandais","14":"entry","15":"has-media","17":"first","18":"instock","19":"shipping-taxable","20":"purchasable","21":"product-type-variable","22":"has-product-nav","23":"col","24":"span_1_of_4","25":"owp-content-center","26":"owp-thumbs-layout-horizontal","27":"owp-btn-big","28":"owp-tabs-layout-vertical","29":"has-no-thumbnails"},"acf":[],"aioseo_notices":[],"_links":{"self":[{"href":"https:\/\/audiohypnosis.online\/fr\/wp-json\/wp\/v2\/product\/170948","targetHints":{"allow":["GET"]}}],"collection":[{"href":"https:\/\/audiohypnosis.online\/fr\/wp-json\/wp\/v2\/product"}],"about":[{"href":"https:\/\/audiohypnosis.online\/fr\/wp-json\/wp\/v2\/types\/product"}],"replies":[{"embeddable":true,"href":"https:\/\/audiohypnosis.online\/fr\/wp-json\/wp\/v2\/comments?post=170948"}],"version-history":[{"count":1,"href":"https:\/\/audiohypnosis.online\/fr\/wp-json\/wp\/v2\/product\/170948\/revisions"}],"predecessor-version":[{"id":170952,"href":"https:\/\/audiohypnosis.online\/fr\/wp-json\/wp\/v2\/product\/170948\/revisions\/170952"}],"wp:featuredmedia":[{"embeddable":true,"href":"https:\/\/audiohypnosis.online\/fr\/wp-json\/wp\/v2\/media\/166151"}],"wp:attachment":[{"href":"https:\/\/audiohypnosis.online\/fr\/wp-json\/wp\/v2\/media?parent=170948"}],"wp:term":[{"taxonomy":"language","embeddable":true,"href":"https:\/\/audiohypnosis.online\/fr\/wp-json\/wp\/v2\/language?post=170948"},{"taxonomy":"product_cat","embeddable":true,"href":"https:\/\/audiohypnosis.online\/fr\/wp-json\/wp\/v2\/product_cat?post=170948"},{"taxonomy":"product_tag","embeddable":true,"href":"https:\/\/audiohypnosis.online\/fr\/wp-json\/wp\/v2\/product_tag?post=170948"}],"curies":[{"name":"wp","href":"https:\/\/api.w.org\/{rel}","templated":true}]}}