{"id":16912,"date":"2023-10-14T09:09:13","date_gmt":"2023-10-14T07:09:13","guid":{"rendered":"http:\/\/audiohypnosis.online\/product\/prise-de-parole-en-public\/"},"modified":"2023-10-14T09:09:13","modified_gmt":"2023-10-14T07:09:13","slug":"parole-en-public","status":"publish","type":"product","link":"https:\/\/audiohypnosis.online\/fr\/produit\/parole-en-public\/","title":{"rendered":"Prise de parole en public"},"content":{"rendered":"<p>Vous souhaitez am\u00e9liorer vos comp\u00e9tences en mati\u00e8re de prise de parole en public ? Nos audios hypnoses ont pour but de renforcer votre confiance en vous et vos comp\u00e9tences en mati\u00e8re de communication. Vous recevrez 6 fichiers audio et un manuel pour de meilleurs r\u00e9sultats.<\/p>\n","protected":false},"excerpt":{"rendered":"<p>Vous avez peur de parler en public ?<\/p>\n","protected":false},"featured_media":14290,"comment_status":"closed","ping_status":"closed","template":"","meta":[],"language":[1632,2100,1668,3062,1569],"product_cat":[1481],"product_tag":[],"class_list":{"0":"post-16912","1":"product","2":"type-product","3":"status-publish","4":"has-post-thumbnail","6":"language-de-fr-2","7":"language-es-fr","8":"language-fr-fr","9":"language-it-fr","10":"language-nl-fr","11":"product_cat-auto-amelioration","12":"pa_languages-allemand","13":"pa_languages-espagnol","14":"pa_languages-francais","15":"pa_languages-hongrois","16":"pa_languages-italien","17":"pa_languages-neerlandais","18":"pa_languages-portugais-bresil","19":"pa_languages-serbe","20":"pa_languages-ukrainien","22":"entry","23":"has-media","25":"first","26":"instock","27":"purchasable","28":"product-type-variable","29":"has-product-nav","30":"col","31":"span_1_of_4","32":"owp-content-center","33":"owp-thumbs-layout-horizontal","34":"owp-btn-big","35":"owp-tabs-layout-vertical","36":"has-no-thumbnails"},"acf":[],"aioseo_notices":[],"_links":{"self":[{"href":"https:\/\/audiohypnosis.online\/fr\/wp-json\/wp\/v2\/product\/16912","targetHints":{"allow":["GET"]}}],"collection":[{"href":"https:\/\/audiohypnosis.online\/fr\/wp-json\/wp\/v2\/product"}],"about":[{"href":"https:\/\/audiohypnosis.online\/fr\/wp-json\/wp\/v2\/types\/product"}],"replies":[{"embeddable":true,"href":"https:\/\/audiohypnosis.online\/fr\/wp-json\/wp\/v2\/comments?post=16912"}],"version-history":[{"count":0,"href":"https:\/\/audiohypnosis.online\/fr\/wp-json\/wp\/v2\/product\/16912\/revisions"}],"wp:featuredmedia":[{"embeddable":true,"href":"https:\/\/audiohypnosis.online\/fr\/wp-json\/wp\/v2\/media\/14290"}],"wp:attachment":[{"href":"https:\/\/audiohypnosis.online\/fr\/wp-json\/wp\/v2\/media?parent=16912"}],"wp:term":[{"taxonomy":"language","embeddable":true,"href":"https:\/\/audiohypnosis.online\/fr\/wp-json\/wp\/v2\/language?post=16912"},{"taxonomy":"product_cat","embeddable":true,"href":"https:\/\/audiohypnosis.online\/fr\/wp-json\/wp\/v2\/product_cat?post=16912"},{"taxonomy":"product_tag","embeddable":true,"href":"https:\/\/audiohypnosis.online\/fr\/wp-json\/wp\/v2\/product_tag?post=16912"}],"curies":[{"name":"wp","href":"https:\/\/api.w.org\/{rel}","templated":true}]}}