{"id":16724,"date":"2023-10-14T09:09:13","date_gmt":"2023-10-14T07:09:13","guid":{"rendered":"http:\/\/audiohypnosis.online\/product\/begaiement\/"},"modified":"2023-10-14T09:09:13","modified_gmt":"2023-10-14T07:09:13","slug":"begaiement","status":"publish","type":"product","link":"https:\/\/audiohypnosis.online\/fr\/produit\/begaiement\/","title":{"rendered":"B\u00e9gaiement"},"content":{"rendered":"<p>Vous cherchez \u00e0 ma\u00eetriser le b\u00e9gaiement ? Nos MP3 d&#8217;hypnose audio peuvent vous aider \u00e0 mieux contr\u00f4ler votre discours. L&#8217;ensemble comprend 6 fichiers audio et un manuel pour des pratiques efficaces.<\/p>\n","protected":false},"excerpt":{"rendered":"<p>Vous d\u00e9sirez contr\u00f4ler votre b\u00e9gaiement ?<\/p>\n","protected":false},"featured_media":14200,"comment_status":"closed","ping_status":"closed","template":"","meta":[],"language":[1632,2100,1668,3062,1569],"product_cat":[1477],"product_tag":[],"class_list":{"0":"post-16724","1":"product","2":"type-product","3":"status-publish","4":"has-post-thumbnail","6":"language-de-fr-2","7":"language-es-fr","8":"language-fr-fr","9":"language-it-fr","10":"language-nl-fr","11":"product_cat-sante-et-bien-etre","12":"pa_languages-espagnol","13":"pa_languages-francais","14":"pa_languages-hongrois","15":"pa_languages-italien","16":"pa_languages-neerlandais","17":"pa_languages-serbe","18":"pa_languages-ukrainien","20":"entry","21":"has-media","23":"first","24":"instock","25":"purchasable","26":"product-type-variable","27":"has-product-nav","28":"col","29":"span_1_of_4","30":"owp-content-center","31":"owp-thumbs-layout-horizontal","32":"owp-btn-big","33":"owp-tabs-layout-vertical","34":"has-no-thumbnails"},"acf":[],"aioseo_notices":[],"_links":{"self":[{"href":"https:\/\/audiohypnosis.online\/fr\/wp-json\/wp\/v2\/product\/16724","targetHints":{"allow":["GET"]}}],"collection":[{"href":"https:\/\/audiohypnosis.online\/fr\/wp-json\/wp\/v2\/product"}],"about":[{"href":"https:\/\/audiohypnosis.online\/fr\/wp-json\/wp\/v2\/types\/product"}],"replies":[{"embeddable":true,"href":"https:\/\/audiohypnosis.online\/fr\/wp-json\/wp\/v2\/comments?post=16724"}],"version-history":[{"count":0,"href":"https:\/\/audiohypnosis.online\/fr\/wp-json\/wp\/v2\/product\/16724\/revisions"}],"wp:featuredmedia":[{"embeddable":true,"href":"https:\/\/audiohypnosis.online\/fr\/wp-json\/wp\/v2\/media\/14200"}],"wp:attachment":[{"href":"https:\/\/audiohypnosis.online\/fr\/wp-json\/wp\/v2\/media?parent=16724"}],"wp:term":[{"taxonomy":"language","embeddable":true,"href":"https:\/\/audiohypnosis.online\/fr\/wp-json\/wp\/v2\/language?post=16724"},{"taxonomy":"product_cat","embeddable":true,"href":"https:\/\/audiohypnosis.online\/fr\/wp-json\/wp\/v2\/product_cat?post=16724"},{"taxonomy":"product_tag","embeddable":true,"href":"https:\/\/audiohypnosis.online\/fr\/wp-json\/wp\/v2\/product_tag?post=16724"}],"curies":[{"name":"wp","href":"https:\/\/api.w.org\/{rel}","templated":true}]}}