{"id":16676,"date":"2023-10-14T09:09:13","date_gmt":"2023-10-14T07:09:13","guid":{"rendered":"http:\/\/audiohypnosis.online\/product\/grincement-de-dents\/"},"modified":"2023-10-14T09:09:13","modified_gmt":"2023-10-14T07:09:13","slug":"grincement-de-dents","status":"publish","type":"product","link":"https:\/\/audiohypnosis.online\/fr\/produit\/grincement-de-dents\/","title":{"rendered":"Grincement de dents"},"content":{"rendered":"<p>Vous avez du mal \u00e0 grincer des dents ? Nos s\u00e9ances d&#8217;hypnose audio ont pour but de vous aider \u00e0 g\u00e9rer cette habitude. Vous aurez acc\u00e8s \u00e0 6 fichiers audio t\u00e9l\u00e9chargeables et \u00e0 un manuel de bonnes pratiques.<\/p>\n","protected":false},"excerpt":{"rendered":"<p>Lutter contre le grincement des dents ?<\/p>\n","protected":false},"featured_media":14206,"comment_status":"closed","ping_status":"closed","template":"","meta":[],"language":[1668,1569],"product_cat":[1477],"product_tag":[3493,1701,1698,1699,1700],"class_list":{"0":"post-16676","1":"product","2":"type-product","3":"status-publish","4":"has-post-thumbnail","6":"language-fr-fr","7":"language-nl-fr","8":"product_cat-sante-et-bien-etre","9":"product_tag-gesundheit-fr","10":"product_tag-le-sommeil-fr","11":"product_tag-le-stress-fr","12":"product_tag-maitrise-de-soi-fr","13":"product_tag-soins-dentaires-fr","14":"pa_languages-francais","15":"pa_languages-neerlandais","16":"pa_languages-portugais-bresil","18":"entry","19":"has-media","21":"first","22":"instock","23":"purchasable","24":"product-type-variable","25":"has-product-nav","26":"col","27":"span_1_of_4","28":"owp-content-center","29":"owp-thumbs-layout-horizontal","30":"owp-btn-big","31":"owp-tabs-layout-vertical","32":"has-no-thumbnails"},"acf":[],"aioseo_notices":[],"_links":{"self":[{"href":"https:\/\/audiohypnosis.online\/fr\/wp-json\/wp\/v2\/product\/16676","targetHints":{"allow":["GET"]}}],"collection":[{"href":"https:\/\/audiohypnosis.online\/fr\/wp-json\/wp\/v2\/product"}],"about":[{"href":"https:\/\/audiohypnosis.online\/fr\/wp-json\/wp\/v2\/types\/product"}],"replies":[{"embeddable":true,"href":"https:\/\/audiohypnosis.online\/fr\/wp-json\/wp\/v2\/comments?post=16676"}],"version-history":[{"count":0,"href":"https:\/\/audiohypnosis.online\/fr\/wp-json\/wp\/v2\/product\/16676\/revisions"}],"wp:featuredmedia":[{"embeddable":true,"href":"https:\/\/audiohypnosis.online\/fr\/wp-json\/wp\/v2\/media\/14206"}],"wp:attachment":[{"href":"https:\/\/audiohypnosis.online\/fr\/wp-json\/wp\/v2\/media?parent=16676"}],"wp:term":[{"taxonomy":"language","embeddable":true,"href":"https:\/\/audiohypnosis.online\/fr\/wp-json\/wp\/v2\/language?post=16676"},{"taxonomy":"product_cat","embeddable":true,"href":"https:\/\/audiohypnosis.online\/fr\/wp-json\/wp\/v2\/product_cat?post=16676"},{"taxonomy":"product_tag","embeddable":true,"href":"https:\/\/audiohypnosis.online\/fr\/wp-json\/wp\/v2\/product_tag?post=16676"}],"curies":[{"name":"wp","href":"https:\/\/api.w.org\/{rel}","templated":true}]}}