{"id":16616,"date":"2023-10-14T09:09:13","date_gmt":"2023-10-14T07:09:13","guid":{"rendered":"http:\/\/audiohypnosis.online\/product\/acouphenes\/"},"modified":"2023-10-18T14:16:59","modified_gmt":"2023-10-18T12:16:59","slug":"acouphenes","status":"publish","type":"product","link":"https:\/\/audiohypnosis.online\/fr\/produit\/acouphenes\/","title":{"rendered":"Acouph\u00e8nes"},"content":{"rendered":"<p>Vous \u00eates g\u00ean\u00e9 par des bourdonnements d&#8217;oreille constants ? Nos MP3 d&#8217;hypnose audio sont ax\u00e9s sur le soulagement et le bien-\u00eatre. L&#8217;ensemble comprend 6 fichiers audio diff\u00e9rents et un manuel pour vous guider vers une vie plus calme.<\/p>\n","protected":false},"excerpt":{"rendered":"<p>Besoin de soulager les acouph\u00e8nes ?<\/p>\n","protected":false},"featured_media":14212,"comment_status":"closed","ping_status":"closed","template":"","meta":[],"language":[1668,3062,1569],"product_cat":[1477],"product_tag":[1634,1681,3493,1680,1679],"class_list":{"0":"post-16616","1":"product","2":"type-product","3":"status-publish","4":"has-post-thumbnail","6":"language-fr-fr","7":"language-it-fr","8":"language-nl-fr","9":"product_cat-sante-et-bien-etre","10":"product_tag-bien-etre","11":"product_tag-bruit","12":"product_tag-gesundheit-fr","13":"product_tag-oreille","14":"product_tag-soulagement","15":"pa_languages-francais","16":"pa_languages-italien","17":"pa_languages-neerlandais","19":"entry","20":"has-media","22":"first","23":"instock","24":"purchasable","25":"product-type-variable","26":"has-product-nav","27":"col","28":"span_1_of_4","29":"owp-content-center","30":"owp-thumbs-layout-horizontal","31":"owp-btn-big","32":"owp-tabs-layout-vertical","33":"has-no-thumbnails"},"acf":[],"aioseo_notices":[],"_links":{"self":[{"href":"https:\/\/audiohypnosis.online\/fr\/wp-json\/wp\/v2\/product\/16616","targetHints":{"allow":["GET"]}}],"collection":[{"href":"https:\/\/audiohypnosis.online\/fr\/wp-json\/wp\/v2\/product"}],"about":[{"href":"https:\/\/audiohypnosis.online\/fr\/wp-json\/wp\/v2\/types\/product"}],"replies":[{"embeddable":true,"href":"https:\/\/audiohypnosis.online\/fr\/wp-json\/wp\/v2\/comments?post=16616"}],"version-history":[{"count":0,"href":"https:\/\/audiohypnosis.online\/fr\/wp-json\/wp\/v2\/product\/16616\/revisions"}],"wp:featuredmedia":[{"embeddable":true,"href":"https:\/\/audiohypnosis.online\/fr\/wp-json\/wp\/v2\/media\/14212"}],"wp:attachment":[{"href":"https:\/\/audiohypnosis.online\/fr\/wp-json\/wp\/v2\/media?parent=16616"}],"wp:term":[{"taxonomy":"language","embeddable":true,"href":"https:\/\/audiohypnosis.online\/fr\/wp-json\/wp\/v2\/language?post=16616"},{"taxonomy":"product_cat","embeddable":true,"href":"https:\/\/audiohypnosis.online\/fr\/wp-json\/wp\/v2\/product_cat?post=16616"},{"taxonomy":"product_tag","embeddable":true,"href":"https:\/\/audiohypnosis.online\/fr\/wp-json\/wp\/v2\/product_tag?post=16616"}],"curies":[{"name":"wp","href":"https:\/\/api.w.org\/{rel}","templated":true}]}}