{"id":16584,"date":"2023-10-14T09:09:13","date_gmt":"2023-10-14T07:09:13","guid":{"rendered":"http:\/\/audiohypnosis.online\/product\/vergroot-de-motivatie-voor-lichaamsbeweging\/"},"modified":"2023-10-31T16:52:34","modified_gmt":"2023-10-31T15:52:34","slug":"augmenter-lactivite-physique","status":"publish","type":"product","link":"https:\/\/audiohypnosis.online\/fr\/produit\/augmenter-lactivite-physique\/","title":{"rendered":"Augmenter la motivation pour l&#8217;activit\u00e9 physique"},"content":{"rendered":"<p>Vous voulez devenir plus actif ? Nos MP3 d&#8217;hypnose audio sont con\u00e7us pour augmenter votre motivation \u00e0 faire de l&#8217;exercice. Vous recevrez 6 fichiers audio t\u00e9l\u00e9chargeables et un manuel pour obtenir les meilleurs r\u00e9sultats.<\/p>\n","protected":false},"excerpt":{"rendered":"<p>Besoin de motivation pour faire de l&#8217;exercice ?<\/p>\n","protected":false},"featured_media":14038,"comment_status":"closed","ping_status":"closed","template":"","meta":[],"language":[1632,2093,2100,1668,1569],"product_cat":[1481],"product_tag":[1634,1635,1669,3493,1670],"class_list":{"0":"post-16584","1":"product","2":"type-product","3":"status-publish","4":"has-post-thumbnail","6":"language-de-fr-2","7":"language-en-fr","8":"language-es-fr","9":"language-fr-fr","10":"language-nl-fr","11":"product_cat-auto-amelioration","12":"product_tag-bien-etre","13":"product_tag-exercice-physique","14":"product_tag-fysieke-activiteit-fr","15":"product_tag-gesundheit-fr","16":"product_tag-motivatie-fr","17":"pa_languages-allemand","18":"pa_languages-anglais","19":"pa_languages-espagnol","20":"pa_languages-francais","21":"pa_languages-hongrois","22":"pa_languages-neerlandais","23":"pa_languages-polonais","24":"pa_languages-portugais-bresil","25":"pa_languages-serbe","26":"pa_languages-ukrainien","28":"entry","29":"has-media","31":"first","32":"instock","33":"purchasable","34":"product-type-variable","35":"has-product-nav","36":"col","37":"span_1_of_4","38":"owp-content-center","39":"owp-thumbs-layout-horizontal","40":"owp-btn-big","41":"owp-tabs-layout-vertical","42":"has-no-thumbnails"},"acf":[],"aioseo_notices":[],"_links":{"self":[{"href":"https:\/\/audiohypnosis.online\/fr\/wp-json\/wp\/v2\/product\/16584","targetHints":{"allow":["GET"]}}],"collection":[{"href":"https:\/\/audiohypnosis.online\/fr\/wp-json\/wp\/v2\/product"}],"about":[{"href":"https:\/\/audiohypnosis.online\/fr\/wp-json\/wp\/v2\/types\/product"}],"replies":[{"embeddable":true,"href":"https:\/\/audiohypnosis.online\/fr\/wp-json\/wp\/v2\/comments?post=16584"}],"version-history":[{"count":0,"href":"https:\/\/audiohypnosis.online\/fr\/wp-json\/wp\/v2\/product\/16584\/revisions"}],"wp:featuredmedia":[{"embeddable":true,"href":"https:\/\/audiohypnosis.online\/fr\/wp-json\/wp\/v2\/media\/14038"}],"wp:attachment":[{"href":"https:\/\/audiohypnosis.online\/fr\/wp-json\/wp\/v2\/media?parent=16584"}],"wp:term":[{"taxonomy":"language","embeddable":true,"href":"https:\/\/audiohypnosis.online\/fr\/wp-json\/wp\/v2\/language?post=16584"},{"taxonomy":"product_cat","embeddable":true,"href":"https:\/\/audiohypnosis.online\/fr\/wp-json\/wp\/v2\/product_cat?post=16584"},{"taxonomy":"product_tag","embeddable":true,"href":"https:\/\/audiohypnosis.online\/fr\/wp-json\/wp\/v2\/product_tag?post=16584"}],"curies":[{"name":"wp","href":"https:\/\/api.w.org\/{rel}","templated":true}]}}