{"id":16518,"date":"2023-10-14T09:09:13","date_gmt":"2023-10-14T07:09:13","guid":{"rendered":"http:\/\/audiohypnosis.online\/product\/perte-de-poids\/"},"modified":"2023-10-31T16:52:13","modified_gmt":"2023-10-31T15:52:13","slug":"perte-de-poids","status":"publish","type":"product","link":"https:\/\/audiohypnosis.online\/fr\/produit\/perte-de-poids\/","title":{"rendered":"Perte de poids"},"content":{"rendered":"<p>Vous voulez perdre du poids ? Nos sessions d&#8217;hypnose audio vous guident vers des habitudes alimentaires et physiques plus saines. Vous aurez acc\u00e8s \u00e0 6 fichiers audio t\u00e9l\u00e9chargeables et \u00e0 un manuel de bonnes pratiques.<\/p>\n","protected":false},"excerpt":{"rendered":"<p>Vous voulez vous d\u00e9barrasser de quelques kilos ?<\/p>\n","protected":false},"featured_media":14218,"comment_status":"closed","ping_status":"closed","template":"","meta":[],"language":[1632,2100,1668,3062,1569],"product_cat":[1486],"product_tag":[2329,2331,2328,2330],"class_list":{"0":"post-16518","1":"product","2":"type-product","3":"status-publish","4":"has-post-thumbnail","6":"language-de-fr-2","7":"language-es-fr","8":"language-fr-fr","9":"language-it-fr","10":"language-nl-fr","11":"product_cat-poids","12":"product_tag-exercices","13":"product_tag-minceur","14":"product_tag-regime","15":"product_tag-sante-fr","16":"pa_languages-allemand","17":"pa_languages-espagnol","18":"pa_languages-francais","19":"pa_languages-hongrois","20":"pa_languages-italien","21":"pa_languages-neerlandais","22":"pa_languages-portugais-bresil","23":"pa_languages-serbe","24":"pa_languages-ukrainien","26":"entry","27":"has-media","29":"first","30":"instock","31":"purchasable","32":"product-type-variable","33":"has-product-nav","34":"col","35":"span_1_of_4","36":"owp-content-center","37":"owp-thumbs-layout-horizontal","38":"owp-btn-big","39":"owp-tabs-layout-vertical","40":"has-no-thumbnails"},"acf":[],"aioseo_notices":[],"_links":{"self":[{"href":"https:\/\/audiohypnosis.online\/fr\/wp-json\/wp\/v2\/product\/16518","targetHints":{"allow":["GET"]}}],"collection":[{"href":"https:\/\/audiohypnosis.online\/fr\/wp-json\/wp\/v2\/product"}],"about":[{"href":"https:\/\/audiohypnosis.online\/fr\/wp-json\/wp\/v2\/types\/product"}],"replies":[{"embeddable":true,"href":"https:\/\/audiohypnosis.online\/fr\/wp-json\/wp\/v2\/comments?post=16518"}],"version-history":[{"count":0,"href":"https:\/\/audiohypnosis.online\/fr\/wp-json\/wp\/v2\/product\/16518\/revisions"}],"wp:featuredmedia":[{"embeddable":true,"href":"https:\/\/audiohypnosis.online\/fr\/wp-json\/wp\/v2\/media\/14218"}],"wp:attachment":[{"href":"https:\/\/audiohypnosis.online\/fr\/wp-json\/wp\/v2\/media?parent=16518"}],"wp:term":[{"taxonomy":"language","embeddable":true,"href":"https:\/\/audiohypnosis.online\/fr\/wp-json\/wp\/v2\/language?post=16518"},{"taxonomy":"product_cat","embeddable":true,"href":"https:\/\/audiohypnosis.online\/fr\/wp-json\/wp\/v2\/product_cat?post=16518"},{"taxonomy":"product_tag","embeddable":true,"href":"https:\/\/audiohypnosis.online\/fr\/wp-json\/wp\/v2\/product_tag?post=16518"}],"curies":[{"name":"wp","href":"https:\/\/api.w.org\/{rel}","templated":true}]}}