{"id":161209,"date":"2024-03-05T10:18:42","date_gmt":"2024-03-05T09:18:42","guid":{"rendered":"https:\/\/audiohypnosis.online\/?post_type=product&#038;p=161209"},"modified":"2024-04-17T16:49:43","modified_gmt":"2024-04-17T14:49:43","slug":"reflexion-excessive-copy","status":"publish","type":"product","link":"https:\/\/audiohypnosis.online\/fr\/produit\/reflexion-excessive-copy\/","title":{"rendered":"Coup de pouce \u00e0 la cr\u00e9ativit\u00e9"},"content":{"rendered":"<p>Vous \u00eates impatient de lib\u00e9rer votre flux cr\u00e9atif ? Plongez-vous dans nos MP3 d&#8217;hypnose audio r\u00e9volutionnaires con\u00e7us pour susciter l&#8217;inspiration et am\u00e9liorer la cr\u00e9ativit\u00e9. Avec 6 sessions audio dynamiques et un guide pratique, lib\u00e9rez votre g\u00e9nie cr\u00e9atif et concr\u00e9tisez vos visions.<\/p>\n","protected":false},"excerpt":{"rendered":"<p>Voulez-vous augmenter votre production cr\u00e9ative et d\u00e9bloquer de nouveaux domaines de l&#8217;imagination ?<\/p>\n","protected":false},"featured_media":161192,"comment_status":"closed","ping_status":"closed","template":"","meta":[],"language":[2093],"product_cat":[1481],"product_tag":[],"class_list":{"0":"post-161209","1":"product","2":"type-product","3":"status-publish","4":"has-post-thumbnail","6":"language-en-fr","7":"product_cat-auto-amelioration","8":"pa_languages-anglais","9":"pa_languages-neerlandais","11":"entry","12":"has-media","14":"first","15":"instock","16":"purchasable","17":"product-type-variable","18":"has-product-nav","19":"col","20":"span_1_of_4","21":"owp-content-center","22":"owp-thumbs-layout-horizontal","23":"owp-btn-big","24":"owp-tabs-layout-vertical","25":"has-no-thumbnails"},"acf":[],"aioseo_notices":[],"_links":{"self":[{"href":"https:\/\/audiohypnosis.online\/fr\/wp-json\/wp\/v2\/product\/161209","targetHints":{"allow":["GET"]}}],"collection":[{"href":"https:\/\/audiohypnosis.online\/fr\/wp-json\/wp\/v2\/product"}],"about":[{"href":"https:\/\/audiohypnosis.online\/fr\/wp-json\/wp\/v2\/types\/product"}],"replies":[{"embeddable":true,"href":"https:\/\/audiohypnosis.online\/fr\/wp-json\/wp\/v2\/comments?post=161209"}],"version-history":[{"count":3,"href":"https:\/\/audiohypnosis.online\/fr\/wp-json\/wp\/v2\/product\/161209\/revisions"}],"predecessor-version":[{"id":170850,"href":"https:\/\/audiohypnosis.online\/fr\/wp-json\/wp\/v2\/product\/161209\/revisions\/170850"}],"wp:featuredmedia":[{"embeddable":true,"href":"https:\/\/audiohypnosis.online\/fr\/wp-json\/wp\/v2\/media\/161192"}],"wp:attachment":[{"href":"https:\/\/audiohypnosis.online\/fr\/wp-json\/wp\/v2\/media?parent=161209"}],"wp:term":[{"taxonomy":"language","embeddable":true,"href":"https:\/\/audiohypnosis.online\/fr\/wp-json\/wp\/v2\/language?post=161209"},{"taxonomy":"product_cat","embeddable":true,"href":"https:\/\/audiohypnosis.online\/fr\/wp-json\/wp\/v2\/product_cat?post=161209"},{"taxonomy":"product_tag","embeddable":true,"href":"https:\/\/audiohypnosis.online\/fr\/wp-json\/wp\/v2\/product_tag?post=161209"}],"curies":[{"name":"wp","href":"https:\/\/api.w.org\/{rel}","templated":true}]}}