{"id":161118,"date":"2024-03-05T09:49:42","date_gmt":"2024-03-05T08:49:42","guid":{"rendered":"https:\/\/audiohypnosis.online\/?post_type=product&#038;p=161118"},"modified":"2024-04-12T23:02:30","modified_gmt":"2024-04-12T21:02:30","slug":"agoraphobie-copy-copy","status":"publish","type":"product","link":"https:\/\/audiohypnosis.online\/fr\/produit\/agoraphobie-copy-copy\/","title":{"rendered":"Addiction au porno"},"content":{"rendered":"<p>\u00cates-vous pr\u00eat \u00e0 reprendre votre vie en main face \u00e0 l&#8217;addiction au porno ? Notre pack offre 6 fichiers audio t\u00e9l\u00e9chargeables, accompagn\u00e9s d&#8217;un manuel pour vous aider vers une r\u00e9cup\u00e9ration efficace.<\/p>\n","protected":false},"excerpt":{"rendered":"<p>Luttez-vous pour vous lib\u00e9rer du cycle incessant de l&#8217;addiction au porno et aspirez-vous \u00e0 un chemin vers la gu\u00e9rison ?<\/p>\n","protected":false},"featured_media":161101,"comment_status":"closed","ping_status":"closed","template":"","meta":[],"language":[1632],"product_cat":[1472],"product_tag":[3494],"class_list":{"0":"post-161118","1":"product","2":"type-product","3":"status-publish","4":"has-post-thumbnail","6":"language-de-fr-2","7":"product_cat-addictions-fr","8":"product_tag-sucht-fr","9":"pa_languages-allemand","11":"entry","12":"has-media","14":"first","15":"instock","16":"shipping-taxable","17":"purchasable","18":"product-type-variable","19":"has-product-nav","20":"col","21":"span_1_of_4","22":"owp-content-center","23":"owp-thumbs-layout-horizontal","24":"owp-btn-big","25":"owp-tabs-layout-vertical","26":"has-no-thumbnails"},"acf":[],"aioseo_notices":[],"_links":{"self":[{"href":"https:\/\/audiohypnosis.online\/fr\/wp-json\/wp\/v2\/product\/161118","targetHints":{"allow":["GET"]}}],"collection":[{"href":"https:\/\/audiohypnosis.online\/fr\/wp-json\/wp\/v2\/product"}],"about":[{"href":"https:\/\/audiohypnosis.online\/fr\/wp-json\/wp\/v2\/types\/product"}],"replies":[{"embeddable":true,"href":"https:\/\/audiohypnosis.online\/fr\/wp-json\/wp\/v2\/comments?post=161118"}],"version-history":[{"count":2,"href":"https:\/\/audiohypnosis.online\/fr\/wp-json\/wp\/v2\/product\/161118\/revisions"}],"predecessor-version":[{"id":170495,"href":"https:\/\/audiohypnosis.online\/fr\/wp-json\/wp\/v2\/product\/161118\/revisions\/170495"}],"wp:featuredmedia":[{"embeddable":true,"href":"https:\/\/audiohypnosis.online\/fr\/wp-json\/wp\/v2\/media\/161101"}],"wp:attachment":[{"href":"https:\/\/audiohypnosis.online\/fr\/wp-json\/wp\/v2\/media?parent=161118"}],"wp:term":[{"taxonomy":"language","embeddable":true,"href":"https:\/\/audiohypnosis.online\/fr\/wp-json\/wp\/v2\/language?post=161118"},{"taxonomy":"product_cat","embeddable":true,"href":"https:\/\/audiohypnosis.online\/fr\/wp-json\/wp\/v2\/product_cat?post=161118"},{"taxonomy":"product_tag","embeddable":true,"href":"https:\/\/audiohypnosis.online\/fr\/wp-json\/wp\/v2\/product_tag?post=161118"}],"curies":[{"name":"wp","href":"https:\/\/api.w.org\/{rel}","templated":true}]}}